{"id":8,"date":"2020-10-20T22:00:43","date_gmt":"2020-10-20T22:00:43","guid":{"rendered":"https:\/\/digitvc.eu\/website\/?page_id=8"},"modified":"2021-04-13T08:51:01","modified_gmt":"2021-04-13T08:51:01","slug":"projeto","status":"publish","type":"page","link":"https:\/\/digitvc.eu\/pt-pt\/projeto\/","title":{"rendered":"Projeto"},"content":{"rendered":"<section class=\"wpb-content-wrapper\"><p>[vc_row full_width=&#8221;stretch_row&#8221; content_placement=&#8221;middle&#8221; css=&#8221;.vc_custom_1611618272459{margin-top: -60px !important;background-image: url(https:\/\/digitvc.eu\/wp-content\/uploads\/2020\/10\/destaque-projetos.jpg?id=129) !important;background-position: center !important;background-repeat: no-repeat !important;background-size: cover !important;}&#8221;][vc_column][vc_column_text css=&#8221;.vc_custom_1603971916367{padding-top: 10% !important;}&#8221; el_class=&#8221;laranja&#8221;]<\/p>\n<h1 style=\"text-align: center;\"><strong>O Projecto<\/strong><\/h1>\n<p>[\/vc_column_text][vc_icon type=&#8221;typicons&#8221; icon_typicons=&#8221;typcn typcn-arrow-down&#8221; color=&#8221;custom&#8221; size=&#8221;lg&#8221; align=&#8221;center&#8221; css_animation=&#8221;top-to-bottom&#8221; custom_color=&#8221;#1cb8cf&#8221; css=&#8221;.vc_custom_1603989967575{padding-bottom: 5% !important;}&#8221;][\/vc_column][\/vc_row][vc_row full_width=&#8221;stretch_row_content_no_spaces&#8221; content_placement=&#8221;middle&#8221;][vc_column width=&#8221;1\/2&#8243;][vc_single_image image=&#8221;148&#8243; img_size=&#8221;full&#8221; css=&#8221;.vc_custom_1603974303947{padding-top: 5% !important;padding-right: 5% !important;}&#8221;][\/vc_column][vc_column width=&#8221;1\/2&#8243;][vc_column_text el_class=&#8221;bloco&#8221;]<\/p>\n<h1><strong>Descri\u00e7\u00e3o<\/strong><\/h1>\n<p>&nbsp;<\/p>\n<p>Num ambiente cada vez mais especializado e hiperconetado, as PME do sector t\u00eaxtil, dentro da regi\u00e3o SUDOE, necessitam rapidamente de se digitalizar por forma a manterem-se competitivas, adaptando-se a novos requisitos do setor tais como a rastreabilidade, personaliza\u00e7\u00e3o, sustentabilidade, entre outros, assim como se conectarem a toda a cadeia de valor com vista a uma maior efici\u00eancia e\u00a0 produtividade.<\/p>\n<p>DigiTVC concentra-se em apoiar as PME atrav\u00e9s de um diagn\u00f3stico para a digitaliza\u00e7\u00e3o seguido da realiza\u00e7\u00e3o de 3 pilotos com empresas t\u00eaxteis e startups. Os resultados ser\u00e3o sistematizados num protocolo que permitir\u00e1 que outras empresas projetem a sua estrat\u00e9gia de digitaliza\u00e7\u00e3o recorrendo \u00e0s tecnologias mais apropriadas.<\/p>\n<p>A sustentabilidade do projeto est\u00e1 em linha com as necessidades de digitaliza\u00e7\u00e3o da cadeia de valor t\u00eaxtil, e ser\u00e1 garantida pelo desenvolvimento do protocolo para a<br \/>\ndigitaliza\u00e7\u00e3o, o qual ser\u00e1 assegurado por experts devidamente credenciados por organiza\u00e7\u00f5es regionais.[\/vc_column_text][\/vc_column][\/vc_row][vc_row full_width=&#8221;stretch_row_content_no_spaces&#8221; content_placement=&#8221;middle&#8221; css=&#8221;.vc_custom_1604055313050{padding-top: 5% !important;}&#8221;][vc_column width=&#8221;1\/2&#8243; el_class=&#8221;.vc_col-sm-push-6&#8243;][vc_single_image image=&#8221;167&#8243; img_size=&#8221;full&#8221; alignment=&#8221;right&#8221; css=&#8221;.vc_custom_1604055097265{padding-top: 5% !important;padding-left: 5% !important;}&#8221;][\/vc_column][vc_column width=&#8221;1\/2&#8243; el_class=&#8221;.vc_col-sm-pull-6&#8243;][vc_column_text el_class=&#8221;bloco&#8221;]<\/p>\n<h1><strong>Objetivos<\/strong><\/h1>\n<p>&nbsp;<\/p>\n<p>O principal objetivo deste projeto \u00e9 melhorar a competitividade das empresas do sector t\u00eaxtil e vestu\u00e1rio na regi\u00e3o SUDOE, digitalizando os seus processos de produ\u00e7\u00e3o. Para atingir este objetivo, a coopera\u00e7\u00e3o de organiza\u00e7\u00f5es e com conhecimentos complementares (centros tecnol\u00f3gicos, associa\u00e7\u00f5es empresariais, organismos de competitividade p\u00fablica e empresas) proporcionar\u00e1 uma melhoria do ambiente das empresas do Espa\u00e7o SUDOE, objetivo espec\u00edfico deste programa.<\/p>\n<p>&nbsp;<\/p>\n<ul>\n<li><strong>Avaliar o estado da situa\u00e7\u00e3o e definir a melhor estrat\u00e9gia para a digitaliza\u00e7\u00e3o da ind\u00fastria t\u00eaxtil.<\/strong><\/li>\n<li><strong>Testar e validar o processo de digitaliza\u00e7\u00e3o da cadeia de valor t\u00eaxtil e de vestu\u00e1rio atrav\u00e9s de projetos-piloto.<\/strong><\/li>\n<li><strong>Elaborar um Protocolo de Digitaliza\u00e7\u00e3o para a Ind\u00fastria T\u00eaxtil e a Ind\u00fastria do Vestu\u00e1rio.<\/strong><\/li>\n<\/ul>\n<p>[\/vc_column_text][\/vc_column][\/vc_row][vc_row full_width=&#8221;stretch_row_content_no_spaces&#8221; content_placement=&#8221;middle&#8221; css=&#8221;.vc_custom_1604055318825{padding-top: 5% !important;}&#8221;][vc_column width=&#8221;1\/2&#8243;][vc_single_image image=&#8221;200&#8243; img_size=&#8221;full&#8221; css=&#8221;.vc_custom_1603974767563{padding-top: 5% !important;padding-right: 5% !important;}&#8221;][\/vc_column][vc_column width=&#8221;1\/2&#8243;][vc_column_text el_class=&#8221;bloco&#8221;]<\/p>\n<h1><strong>Resultados esperados<br \/>\n<\/strong><\/h1>\n<p>&nbsp;<\/p>\n<p>Promover a <strong>ado\u00e7\u00e3o de tecnologias digitais pelas empresas t\u00eaxteis<\/strong> por forma a melhorar a sua competitividade e fornecer-lhes as ferramentas necess\u00e1rias para criar sua pr\u00f3pria estrat\u00e9gia digital;<\/p>\n<p><strong>Desenvolver projetos piloto nos tr\u00eas principais segmentos t\u00eaxteis<\/strong> (moda, t\u00eaxtil-lar e t\u00eaxteis t\u00e9cnicos) para valida\u00e7\u00e3o de um protocolo de a\u00e7\u00e3o replic\u00e1vel;<\/p>\n<p><strong>Trazer startups tecnol\u00f3gicas para as necessidades do setor<\/strong>, promovendo solu\u00e7\u00f5es conjuntas;<\/p>\n<p><strong>Formar especialistas no protocolo de digitaliza\u00e7\u00e3o t\u00eaxtil<\/strong> e incluir a acredita\u00e7\u00e3o de agentes p\u00fablicos (Ag\u00eancias de Competitividade, C\u00e2maras Municipais)<br \/>\natrav\u00e9s dos seus programas de apoio \u00e0s PME.[\/vc_column_text][\/vc_column][\/vc_row][vc_row full_width=&#8221;stretch_row_content&#8221; css=&#8221;.vc_custom_1617874378997{margin-top: 10% !important;margin-bottom: -70px !important;padding-top: 5% !important;padding-bottom: 5% !important;background-color: #1d2241 !important;}&#8221; el_id=&#8221;contact&#8221;][vc_column css=&#8221;.vc_custom_1603990215964{padding-top: 5% !important;padding-bottom: 5% !important;}&#8221;][vc_icon type=&#8221;entypo&#8221; icon_entypo=&#8221;entypo-icon entypo-icon-share&#8221; color=&#8221;white&#8221; size=&#8221;lg&#8221; align=&#8221;center&#8221;][vc_row_inner][vc_column_inner width=&#8221;1\/4&#8243;][\/vc_column_inner][vc_column_inner width=&#8221;1\/2&#8243;][vc_column_text el_class=&#8221;ctawht&#8221;]<\/p>\n<h2 style=\"text-align: center;\">Junte-se ao ecossistema DigiTVC para a digitaliza\u00e7\u00e3o do setor t\u00eaxtil.<\/h2>\n<p>[\/vc_column_text][\/vc_column_inner][vc_column_inner width=&#8221;1\/4&#8243;][\/vc_column_inner][\/vc_row_inner][vc_btn title=&#8221;Somos uma empresa T\u00eaxtil&#8221; shape=&#8221;round&#8221; color=&#8221;white&#8221; size=&#8221;lg&#8221; align=&#8221;center&#8221; link=&#8221;url:https%3A%2F%2Fdigitvc.eu%2Fen%2Fregistration%2F&#8221; el_class=&#8221;cordigi&#8221;][vc_btn title=&#8221;Somos uma Start Up ou Empresa Tecnol\u00f3gica&#8221; shape=&#8221;round&#8221; color=&#8221;danger&#8221; size=&#8221;lg&#8221; align=&#8221;center&#8221; link=&#8221;url:https%3A%2F%2Fdigitvc.eu%2Fen%2Fproviders-registration%2F&#8221; el_class=&#8221;cordigi&#8221;][\/vc_column][\/vc_row]<\/p>\n<\/section>","protected":false},"excerpt":{"rendered":"<p>[vc_row full_width=&#8221;stretch_row&#8221; content_placement=&#8221;middle&#8221; css=&#8221;.vc_custom_1611618272459{margin-top: -60px !important;background-image: url(https:\/\/digitvc.eu\/wp-content\/uploads\/2020\/10\/destaque-projetos.jpg?id=129) !important;background-position: center !important;background-repeat: no-repeat !important;background-size: cover !important;}&#8221;][vc_column][vc_column_text css=&#8221;.vc_custom_1603971916367{padding-top:&#8230;<\/p>\n","protected":false},"author":1,"featured_media":0,"parent":0,"menu_order":0,"comment_status":"closed","ping_status":"closed","template":"templates\/full-width-page.php","meta":{"_seopress_robots_primary_cat":"","_seopress_titles_title":"","_seopress_titles_desc":"","_seopress_robots_index":""},"_links":{"self":[{"href":"https:\/\/digitvc.eu\/pt-pt\/wp-json\/wp\/v2\/pages\/8"}],"collection":[{"href":"https:\/\/digitvc.eu\/pt-pt\/wp-json\/wp\/v2\/pages"}],"about":[{"href":"https:\/\/digitvc.eu\/pt-pt\/wp-json\/wp\/v2\/types\/page"}],"author":[{"embeddable":true,"href":"https:\/\/digitvc.eu\/pt-pt\/wp-json\/wp\/v2\/users\/1"}],"replies":[{"embeddable":true,"href":"https:\/\/digitvc.eu\/pt-pt\/wp-json\/wp\/v2\/comments?post=8"}],"version-history":[{"count":59,"href":"https:\/\/digitvc.eu\/pt-pt\/wp-json\/wp\/v2\/pages\/8\/revisions"}],"predecessor-version":[{"id":1714,"href":"https:\/\/digitvc.eu\/pt-pt\/wp-json\/wp\/v2\/pages\/8\/revisions\/1714"}],"wp:attachment":[{"href":"https:\/\/digitvc.eu\/pt-pt\/wp-json\/wp\/v2\/media?parent=8"}],"curies":[{"name":"wp","href":"https:\/\/api.w.org\/{rel}","templated":true}]}}