{"id":3,"date":"2020-10-20T21:50:06","date_gmt":"2020-10-20T21:50:06","guid":{"rendered":"https:\/\/digitvc.eu\/website\/?page_id=3"},"modified":"2021-01-25T23:51:18","modified_gmt":"2021-01-25T23:51:18","slug":"politica-privacidade","status":"publish","type":"page","link":"https:\/\/digitvc.eu\/pt-pt\/politica-privacidade\/","title":{"rendered":"Pol\u00edtica de privacidade"},"content":{"rendered":"<section class=\"wpb-content-wrapper\"><p>[vc_row full_width=&#8221;stretch_row&#8221; content_placement=&#8221;middle&#8221; css=&#8221;.vc_custom_1611618686053{margin-top: -60px !important;background-image: url(https:\/\/digitvc.eu\/wp-content\/uploads\/2020\/10\/destaque-projetos.jpg?id=129) !important;background-position: center !important;background-repeat: no-repeat !important;background-size: cover !important;}&#8221;][vc_column][vc_column_text css=&#8221;.vc_custom_1611618676702{padding-top: 10% !important;}&#8221; el_class=&#8221;laranja&#8221;]<\/p>\r\n<h1 style=\"text-align: center;\"><strong>Pol\u00edtica de Privacidade<\/strong><\/h1>\r\n<p>[\/vc_column_text][vc_icon type=&#8221;typicons&#8221; icon_typicons=&#8221;typcn typcn-arrow-down&#8221; color=&#8221;custom&#8221; size=&#8221;lg&#8221; align=&#8221;center&#8221; css_animation=&#8221;top-to-bottom&#8221; custom_color=&#8221;#1cb8cf&#8221; css=&#8221;.vc_custom_1603989944303{padding-bottom: 5% !important;}&#8221;][\/vc_column][\/vc_row][vc_row][vc_column][vc_column_text]<\/p>\r\n<h2><strong>Bem-vindo \u00e0 Pol\u00edtica de Privacidade de www.digitvc.eu<\/strong><\/h2>\r\n<p>A pol\u00edtica de privacidade abaixo descrita oferece-lhe uma perspetiva geral da forma como tratamos os seus dados e dos seus direitos nesta mat\u00e9ria, de acordo com o disposto no Regulamento (EU) 2016\/679 do Parlamento Europeu e do Conselho \u2013 Regulamento Geral sobre a Prote\u00e7\u00e3o de Dados (RGPD) \u2013 e restante legisla\u00e7\u00e3o aplic\u00e1vel em mat\u00e9ria de privacidade e prote\u00e7\u00e3o de dados, incluindo a legisla\u00e7\u00e3o local que complementa o RGPD. Os dados espec\u00edficos que ser\u00e3o processados tratados e a forma como v\u00e3o ser utilizados, dependem em grande medida dos servi\u00e7os por si solicitados e consigo acordados.<\/p>\r\n<p><strong>1. Quem \u00e9 respons\u00e1vel pelo tratamento de dados e a quem posso dirigir-me?<\/strong><\/p>\r\n<p>A entidade respons\u00e1vel pelo tratamento dos dados pessoais \u00e9:<\/p>\r\n<p><strong>Munic\u00edpio de Vila Nova de Famalic\u00e3o<br \/>Pra\u00e7a \u00c1lvaro Marques<br \/>4764-502 Vila Nova de Famalic\u00e3o<br \/>undefined<\/strong><\/p>\r\n<p>Pode contactar o nosso Encarregado de Prote\u00e7\u00e3o de Dados em:<\/p>\r\n<h2>\u00a0<\/h2>\r\n<p><strong>Munic\u00edpio de Vila Nova de Famalic\u00e3o<br \/>Pra\u00e7a \u00c1lvaro Marques<br \/>4764-502 Vila Nova de Famalic\u00e3o<br \/>undefined<\/strong><\/p>\r\n<p><strong>2 &#8211; Que Informa\u00e7\u00f5es que recolhemos?<\/strong><\/p>\r\n<p>Tent\u00e1mos manter o processo o mais simplificado poss\u00edvel, mas, se n\u00e3o estiver familiarizado com termos como cookies, endere\u00e7os IP, javascript e navegadores, pode ler\u00a0<a href=\"https:\/\/policies.google.com\/privacy\/key-terms?hl=pt-PT#key-terms\" target=\"_blank\" rel=\"noopener noreferrer\">aqui<\/a>\u00a0uma explica\u00e7\u00e3o sobre alguns desses temas pela google.<\/p>\r\n<p>Poderemos guardar v\u00e1rios tipos de informa\u00e7\u00f5es de acordo com as funcionalidades que pretendemos fornecer:<\/p>\r\n<ul>\r\n<li>Informa\u00e7\u00f5es fornecidas pelo utilizador<\/li>\r\n<li>Informa\u00e7\u00f5es de localiza\u00e7\u00e3o<\/li>\r\n<li>Armazenamento local<\/li>\r\n<li>Cookies e tecnologias semelhantes.<\/li>\r\n<\/ul>\r\n<h2><strong>O uso de Cookies no site www.digitvc.eu e as suas funcionalidades<\/strong><\/h2>\r\n<p>Cookies permanentes: s\u00e3o cookies que ficam armazenados ao n\u00edvel do browser nos seus equipamentos de acesso (PC, mobile e tablet) e que s\u00e3o utilizados sempre que faz uma nova visita a um dos nossos websites. S\u00e3o utilizados, geralmente, para direcionar a navega\u00e7\u00e3o aos interesses do utilizador, permitindo-nos prestar um servi\u00e7o mais personalizado.<\/p>\r\n<p>Cookies de sess\u00e3o: s\u00e3o cookies tempor\u00e1rios que permanecem no arquivo de cookies do seu browser at\u00e9 sair do website. A informa\u00e7\u00e3o obtida por estes cookies serve para analisar padr\u00f5es de tr\u00e1fego na web, permitindo-nos identificar problemas e fornecer uma melhor experiencia de navega\u00e7\u00e3o.<\/p>\r\n<p>Cookies estritamente necess\u00e1rios Permitem que navegue no website e utilize as suas aplica\u00e7\u00f5es, bem como aceder a \u00e1reas seguras do website. Sem estes cookies, os servi\u00e7os que tenha requerido n\u00e3o podem ser prestados.<\/p>\r\n<p>Cookies Anal\u00edticos S\u00e3o utilizados anonimamente para efeitos de cria\u00e7\u00e3o e an\u00e1lise de estat\u00edsticas, no sentido de melhorar o funcionamento do website.<\/p>\r\n<p>Cookies de Funcionalidade Guardam as prefer\u00eancias do utilizador relativamente \u00e0 utiliza\u00e7\u00e3o do site, para que n\u00e3o seja necess\u00e1rio voltar a configurar o site cada vez que o visita.<\/p>\r\n<p>Cookies de Terceiros Medem o sucesso de aplica\u00e7\u00f5es e a efic\u00e1cia da publicidade de terceiros. Podem tamb\u00e9m ser utilizados no sentido de personalizar um widget com dados do utilizador.<\/p>\r\n<p>Cookies de Publicidade Direcionam a publicidade em fun\u00e7\u00e3o dos interesses de cada utilizador, por forma a direcionar as campanhas publicit\u00e1rias tendo em conta os gostos dos utilizadores, sendo que, al\u00e9m disso, limitam a quantidade de vezes que v\u00ea o an\u00fancio, ajudando a medir a efic\u00e1cia da publicidade e o sucesso da organiza\u00e7\u00e3o do website.<\/p>\r\n<p><strong>3 &#8211; Como pode gerir os cookies?<\/strong><\/p>\r\n<p>Todos os browsers permitem ao utilizador aceitar, recusar ou apagar cookies, nomeadamente atrav\u00e9s da sele\u00e7\u00e3o das defini\u00e7\u00f5es apropriadas no respetivo navegador. Pode configurar os cookies no menu \u201cop\u00e7\u00f5es\u201d ou \u201cprefer\u00eancias\u201d do seu browser.<\/p>\r\n<p>Note-se, no entanto, que, ao desativar cookies, pode impedir que alguns servi\u00e7os do site www.digitvc.eu funcionem corretamente, afetando, parcial ou totalmente, a navega\u00e7\u00e3o no website.<\/p>\r\n<p><strong>4. Quem tem acesso aos meus dados?<\/strong><\/p>\r\n<p>Os dados que fornecer no site www.digitvc.eu ir\u00e3o ser acess\u00edveis apenas por pessoal afecto directamente \u00e0 empresa MUNIC\u00cdPIO DE VILA NOVA DE FAMALIC\u00c3O e apenas para os fins espec\u00edficos de utiliza\u00e7\u00e3o.<\/p>\r\n<p><strong>5 \u2013 Phishing<\/strong><\/p>\r\n<p>\u201cPhishing\u201d \u00e9 uma habilidade criada para roubar as suas informa\u00e7\u00f5es pessoais. no site www.digitvc.eu nunca lhe ir\u00e1 pedir por email o seu nome de utilizador e a sua palavra-passe, o n\u00famero do seu cart\u00e3o de cr\u00e9dito ou outras informa\u00e7\u00f5es pessoais. Por isso, se receber algum email que pare\u00e7a ser da nossa parte a pedir que faculte alguma informa\u00e7\u00e3o pessoal, n\u00e3o responda e entre de imediato em contacto com o administrador do site www.digitvc.eu.<\/p>\r\n<p><strong>6 &#8211; Direito ao esquecimento<\/strong><\/p>\r\n<p>Como posso remover informa\u00e7\u00f5es sobre a minha conta no site www.digitvc.eu? Envie um email para o administrador do site www.digitvc.eu indicando o seu username e comunicando a sua inten\u00e7\u00e3o de remo\u00e7\u00e3o definitiva da sua conta da nossa base de dados. Posteriormente ir\u00e1 receber um email nosso para validadar essa inten\u00e7\u00e3o, e no final do processo receber\u00e1 um email informando sobre a remo\u00e7\u00e3o definitiva da sua conta.<\/p>\r\n<p><strong>7. Altera\u00e7\u00f5es \u00e0 Pol\u00edtica de Privacidade<\/strong><\/p>\r\n<p>A MUNIC\u00cdPIO DE VILA NOVA DE FAMALIC\u00c3O pode alterar esta pol\u00edtica de privacidade a qualquer momento e sem aviso pr\u00e9vio. As altera\u00e7\u00f5es ser\u00e3o devidamente publicadas em www.digitvc.eu.<\/p>\r\n<p>[\/vc_column_text][\/vc_column][\/vc_row]<\/p><\/section>","protected":false},"excerpt":{"rendered":"<p>[vc_row full_width=&#8221;stretch_row&#8221; content_placement=&#8221;middle&#8221; css=&#8221;.vc_custom_1611618686053{margin-top: -60px !important;background-image: url(https:\/\/digitvc.eu\/wp-content\/uploads\/2020\/10\/destaque-projetos.jpg?id=129) !important;background-position: center !important;background-repeat: no-repeat !important;background-size: cover !important;}&#8221;][vc_column][vc_column_text css=&#8221;.vc_custom_1611618676702{padding-top:&#8230;<\/p>\n","protected":false},"author":1,"featured_media":0,"parent":0,"menu_order":0,"comment_status":"closed","ping_status":"closed","template":"","meta":{"_seopress_robots_primary_cat":"","_seopress_titles_title":"","_seopress_titles_desc":"","_seopress_robots_index":""},"_links":{"self":[{"href":"https:\/\/digitvc.eu\/pt-pt\/wp-json\/wp\/v2\/pages\/3"}],"collection":[{"href":"https:\/\/digitvc.eu\/pt-pt\/wp-json\/wp\/v2\/pages"}],"about":[{"href":"https:\/\/digitvc.eu\/pt-pt\/wp-json\/wp\/v2\/types\/page"}],"author":[{"embeddable":true,"href":"https:\/\/digitvc.eu\/pt-pt\/wp-json\/wp\/v2\/users\/1"}],"replies":[{"embeddable":true,"href":"https:\/\/digitvc.eu\/pt-pt\/wp-json\/wp\/v2\/comments?post=3"}],"version-history":[{"count":3,"href":"https:\/\/digitvc.eu\/pt-pt\/wp-json\/wp\/v2\/pages\/3\/revisions"}],"predecessor-version":[{"id":1289,"href":"https:\/\/digitvc.eu\/pt-pt\/wp-json\/wp\/v2\/pages\/3\/revisions\/1289"}],"wp:attachment":[{"href":"https:\/\/digitvc.eu\/pt-pt\/wp-json\/wp\/v2\/media?parent=3"}],"curies":[{"name":"wp","href":"https:\/\/api.w.org\/{rel}","templated":true}]}}