{"id":123,"date":"2020-10-29T10:58:22","date_gmt":"2020-10-29T10:58:22","guid":{"rendered":"https:\/\/digitvc.eu\/website\/?page_id=123"},"modified":"2021-04-13T08:51:58","modified_gmt":"2021-04-13T08:51:58","slug":"home","status":"publish","type":"page","link":"https:\/\/digitvc.eu\/pt-pt\/","title":{"rendered":"home"},"content":{"rendered":"<section class=\"wpb-content-wrapper\"><p>[vc_row full_width=&#8221;stretch_row_content&#8221; content_placement=&#8221;middle&#8221; css=&#8221;.vc_custom_1617883928137{margin-top: -70px !important;background-color: #d2f1f4 !important;}&#8221;][vc_column width=&#8221;1\/2&#8243; offset=&#8221;vc_hidden-xs&#8221;][vc_single_image image=&#8221;1540&#8243; img_size=&#8221;full&#8221; css_animation=&#8221;slideInLeft&#8221;][\/vc_column][vc_column width=&#8221;1\/2&#8243; offset=&#8221;vc_hidden-xs&#8221;][vc_column_text css_animation=&#8221;slideInRight&#8221; el_class=&#8221;opencall&#8221;]<\/p>\n<h1><strong>Open Call for<\/strong><\/h1>\n<h1><strong>Digitalization<\/strong><\/h1>\n<h1><strong>Pilots<\/strong><\/h1>\n<p>[\/vc_column_text][vc_btn title=&#8221;Apply for Funding&#8221; style=&#8221;classic&#8221; shape=&#8221;round&#8221; color=&#8221;warning&#8221; size=&#8221;lg&#8221; link=&#8221;url:https%3A%2F%2Fdigitvc.eu%2Fen%2Fapply-for-funding&#8221; css=&#8221;.vc_custom_1618159816170{margin-top: 20px !important;}&#8221;][\/vc_column][\/vc_row][vc_row full_width=&#8221;stretch_row_content&#8221; content_placement=&#8221;middle&#8221; css=&#8221;.vc_custom_1617883757356{background: #d2f1f4 url(https:\/\/digitvc.eu\/wp-content\/uploads\/2021\/04\/digitvc_opencall_anim.png?id=1540) !important;background-position: center !important;background-repeat: no-repeat !important;background-size: cover !important;}&#8221;][vc_column offset=&#8221;vc_hidden-lg vc_hidden-md vc_hidden-sm&#8221;][vc_column_text css_animation=&#8221;slideInRight&#8221; el_class=&#8221;opencall&#8221; css=&#8221;.vc_custom_1617883870837{padding-top: 10% !important;}&#8221;]<\/p>\n<h2><strong>Open Call for<\/strong><\/h2>\n<h2><strong>Digitalization<\/strong><\/h2>\n<h2><strong>Pilots<\/strong><\/h2>\n<p>[\/vc_column_text][vc_btn title=&#8221;Apply for Funding&#8221; style=&#8221;classic&#8221; shape=&#8221;round&#8221; color=&#8221;warning&#8221; size=&#8221;lg&#8221; link=&#8221;url:https%3A%2F%2Fdigitvc.eu%2Fen%2Fapply-for-funding&#8221; css=&#8221;.vc_custom_1618164812134{margin-top: 20px !important;padding-bottom: 5% !important;}&#8221;][\/vc_column][\/vc_row][vc_row full_width=&#8221;stretch_row_content&#8221; equal_height=&#8221;yes&#8221; content_placement=&#8221;middle&#8221; css=&#8221;.vc_custom_1607012717445{margin-top: 5% !important;}&#8221; el_id=&#8221;features&#8221;][vc_column width=&#8221;1\/2&#8243; css=&#8221;.vc_custom_1604008182350{background-image: url(https:\/\/digitvc.eu\/website\/wp-content\/uploads\/2020\/10\/elemento.png?id=112) !important;background-position: center !important;background-repeat: no-repeat !important;background-size: contain !important;}&#8221;][vc_single_image image=&#8221;930&#8243; img_size=&#8221;full&#8221;][\/vc_column][vc_column width=&#8221;1\/4&#8243;][vc_column_text el_class=&#8221;blocohome&#8221;]<\/p>\n<h1><strong>DigiTVC<\/strong><\/h1>\n<p>&nbsp;<\/p>\n<p>Num ambiente cada vez mais especializado e hiperconetado, as PME do sector t\u00eaxtil, dentro da regi\u00e3o SUDOE, necessitam rapidamente de se digitalizar por forma a manterem-se competitivas, adaptando-se a novos requisitos do setor tais como a rastreabilidade, personaliza\u00e7\u00e3o, sustentabilidade, entre outros, assim como se conectarem a toda a cadeia de valor com vista a uma maior efici\u00eancia e produtividade. DigiTVC concentra-se em apoiar as PME atrav\u00e9s de um diagn\u00f3stico para a digitaliza\u00e7\u00e3o seguido da realiza\u00e7\u00e3o de 3 pilotos com empresas t\u00eaxteis e startups.[\/vc_column_text][vc_btn title=&#8221;Saber mais&#8221; style=&#8221;outline&#8221; shape=&#8221;square&#8221; color=&#8221;info&#8221; size=&#8221;sm&#8221; css=&#8221;.vc_custom_1604010011056{padding-top: 30px !important;}&#8221; link=&#8221;url:https%3A%2F%2Fdigitvc.eu%2Fwebsite%2Fprojeto%2F|title:Projeto&#8221;][\/vc_column][vc_column width=&#8221;1\/4&#8243;][\/vc_column][\/vc_row][vc_row full_width=&#8221;stretch_row_content&#8221; css=&#8221;.vc_custom_1617882771618{margin-top: 10% !important;padding-top: 5% !important;padding-bottom: 5% !important;background-color: #1d2241 !important;}&#8221; el_id=&#8221;contact&#8221;][vc_column css=&#8221;.vc_custom_1603990215964{padding-top: 5% !important;padding-bottom: 5% !important;}&#8221;][vc_icon type=&#8221;entypo&#8221; icon_entypo=&#8221;entypo-icon entypo-icon-share&#8221; color=&#8221;white&#8221; size=&#8221;lg&#8221; align=&#8221;center&#8221;][vc_row_inner][vc_column_inner width=&#8221;1\/4&#8243;][\/vc_column_inner][vc_column_inner width=&#8221;1\/2&#8243;][vc_column_text el_class=&#8221;ctawht&#8221;]<\/p>\n<h2 style=\"text-align: center;\">Junte-se ao ecossistema DigiTVC para a digitaliza\u00e7\u00e3o do setor t\u00eaxtil.<\/h2>\n<p>[\/vc_column_text][\/vc_column_inner][vc_column_inner width=&#8221;1\/4&#8243;][\/vc_column_inner][\/vc_row_inner][vc_btn title=&#8221;Somos uma empresa T\u00eaxtil&#8221; shape=&#8221;round&#8221; color=&#8221;white&#8221; size=&#8221;lg&#8221; align=&#8221;center&#8221; link=&#8221;url:https%3A%2F%2Fdigitvc.eu%2Fen%2Fregistration%2F&#8221; el_class=&#8221;cordigi&#8221;][vc_btn title=&#8221;Somos uma Start Up ou Empresa Tecnol\u00f3gica&#8221; shape=&#8221;round&#8221; color=&#8221;danger&#8221; size=&#8221;lg&#8221; align=&#8221;center&#8221; link=&#8221;url:https%3A%2F%2Fdigitvc.eu%2Fen%2Fproviders-registration%2F&#8221; el_class=&#8221;cordigi&#8221;][\/vc_column][\/vc_row][vc_row css=&#8221;.vc_custom_1604008911222{margin-top: 12% !important;}&#8221;][vc_column][vc_column_text el_class=&#8221;textoborder&#8221;]<\/p>\n<h1><strong>Parceiros<\/strong><\/h1>\n<p>[\/vc_column_text][vc_raw_html]JTNDaHIlMjBjbGFzcyUzRCUyMmJhcnJhJTIyJTNF[\/vc_raw_html][\/vc_column][\/vc_row][vc_row content_placement=&#8221;middle&#8221;][vc_column width=&#8221;1\/6&#8243; offset=&#8221;vc_col-xs-4&#8243;][vc_single_image image=&#8221;107&#8243; img_size=&#8221;full&#8221;][\/vc_column][vc_column width=&#8221;1\/6&#8243; offset=&#8221;vc_col-xs-4&#8243;][vc_single_image image=&#8221;105&#8243; img_size=&#8221;full&#8221;][\/vc_column][vc_column width=&#8221;1\/6&#8243; offset=&#8221;vc_col-xs-4&#8243;][vc_single_image image=&#8221;103&#8243; img_size=&#8221;full&#8221;][\/vc_column][vc_column width=&#8221;1\/6&#8243; offset=&#8221;vc_col-xs-4&#8243;][vc_single_image image=&#8221;101&#8243; img_size=&#8221;full&#8221;][\/vc_column][vc_column width=&#8221;1\/6&#8243; offset=&#8221;vc_col-xs-4&#8243;][vc_single_image image=&#8221;1089&#8243; img_size=&#8221;full&#8221;][\/vc_column][vc_column width=&#8221;1\/6&#8243; offset=&#8221;vc_col-xs-4&#8243;][vc_single_image image=&#8221;106&#8243; img_size=&#8221;full&#8221;][\/vc_column][\/vc_row][vc_row content_placement=&#8221;middle&#8221;][vc_column width=&#8221;1\/6&#8243; offset=&#8221;vc_col-xs-4&#8243;][vc_single_image image=&#8221;102&#8243; img_size=&#8221;full&#8221;][\/vc_column][vc_column width=&#8221;1\/6&#8243;][\/vc_column][vc_column width=&#8221;1\/6&#8243;][\/vc_column][vc_column width=&#8221;1\/6&#8243;][\/vc_column][vc_column width=&#8221;1\/6&#8243;][\/vc_column][vc_column width=&#8221;1\/6&#8243;][\/vc_column][\/vc_row][vc_row][vc_column][vc_column_text el_class=&#8221;textoborder&#8221;]<\/p>\n<h1><strong>Associados<\/strong><\/h1>\n<p>[\/vc_column_text][vc_raw_html]JTNDaHIlMjBjbGFzcyUzRCUyMmJhcnJhJTIyJTNF[\/vc_raw_html][\/vc_column][\/vc_row][vc_row content_placement=&#8221;middle&#8221;][vc_column width=&#8221;1\/6&#8243; offset=&#8221;vc_col-xs-4&#8243;][vc_single_image image=&#8221;100&#8243; img_size=&#8221;full&#8221;][\/vc_column][vc_column width=&#8221;1\/6&#8243; offset=&#8221;vc_col-xs-4&#8243;][vc_single_image image=&#8221;1105&#8243; img_size=&#8221;full&#8221;][\/vc_column][vc_column width=&#8221;1\/6&#8243;][\/vc_column][vc_column width=&#8221;1\/6&#8243;][\/vc_column][vc_column width=&#8221;1\/6&#8243;][\/vc_column][vc_column width=&#8221;1\/6&#8243;][\/vc_column][\/vc_row]<\/p>\n<\/section>","protected":false},"excerpt":{"rendered":"<p>[vc_row full_width=&#8221;stretch_row_content&#8221; content_placement=&#8221;middle&#8221; css=&#8221;.vc_custom_1617883928137{margin-top: -70px !important;background-color: #d2f1f4 !important;}&#8221;][vc_column width=&#8221;1\/2&#8243; offset=&#8221;vc_hidden-xs&#8221;][vc_single_image image=&#8221;1540&#8243; img_size=&#8221;full&#8221; css_animation=&#8221;slideInLeft&#8221;][\/vc_column][vc_column width=&#8221;1\/2&#8243; offset=&#8221;vc_hidden-xs&#8221;][vc_column_text&#8230;<\/p>\n","protected":false},"author":1,"featured_media":0,"parent":0,"menu_order":0,"comment_status":"closed","ping_status":"closed","template":"template-frontpage.php","meta":{"_seopress_robots_primary_cat":"","_seopress_titles_title":"","_seopress_titles_desc":"","_seopress_robots_index":""},"_links":{"self":[{"href":"https:\/\/digitvc.eu\/pt-pt\/wp-json\/wp\/v2\/pages\/123"}],"collection":[{"href":"https:\/\/digitvc.eu\/pt-pt\/wp-json\/wp\/v2\/pages"}],"about":[{"href":"https:\/\/digitvc.eu\/pt-pt\/wp-json\/wp\/v2\/types\/page"}],"author":[{"embeddable":true,"href":"https:\/\/digitvc.eu\/pt-pt\/wp-json\/wp\/v2\/users\/1"}],"replies":[{"embeddable":true,"href":"https:\/\/digitvc.eu\/pt-pt\/wp-json\/wp\/v2\/comments?post=123"}],"version-history":[{"count":105,"href":"https:\/\/digitvc.eu\/pt-pt\/wp-json\/wp\/v2\/pages\/123\/revisions"}],"predecessor-version":[{"id":1715,"href":"https:\/\/digitvc.eu\/pt-pt\/wp-json\/wp\/v2\/pages\/123\/revisions\/1715"}],"wp:attachment":[{"href":"https:\/\/digitvc.eu\/pt-pt\/wp-json\/wp\/v2\/media?parent=123"}],"curies":[{"name":"wp","href":"https:\/\/api.w.org\/{rel}","templated":true}]}}