{"id":10,"date":"2020-10-20T22:00:58","date_gmt":"2020-10-20T22:00:58","guid":{"rendered":"https:\/\/digitvc.eu\/website\/?page_id=10"},"modified":"2021-01-25T23:43:43","modified_gmt":"2021-01-25T23:43:43","slug":"parceiros","status":"publish","type":"page","link":"https:\/\/digitvc.eu\/pt-pt\/parceiros\/","title":{"rendered":"Parceiros"},"content":{"rendered":"<section class=\"wpb-content-wrapper\"><p>[vc_row full_width=&#8221;stretch_row&#8221; content_placement=&#8221;middle&#8221; css=&#8221;.vc_custom_1611618230200{margin-top: -60px !important;background-image: url(https:\/\/digitvc.eu\/wp-content\/uploads\/2020\/10\/destaque-projetos.jpg?id=129) !important;background-position: center !important;background-repeat: no-repeat !important;background-size: cover !important;}&#8221;][vc_column][vc_column_text css=&#8221;.vc_custom_1603983022943{padding-top: 10% !important;}&#8221; el_class=&#8221;laranja&#8221;]<\/p>\n<h1 style=\"text-align: center;\"><strong>Parceiros<\/strong><\/h1>\n<p>[\/vc_column_text][vc_icon type=&#8221;typicons&#8221; icon_typicons=&#8221;typcn typcn-arrow-down&#8221; color=&#8221;custom&#8221; size=&#8221;lg&#8221; align=&#8221;center&#8221; css_animation=&#8221;top-to-bottom&#8221; custom_color=&#8221;#1cb8cf&#8221; css=&#8221;.vc_custom_1603989728464{padding-bottom: 5% !important;}&#8221;][\/vc_column][\/vc_row][vc_row][vc_column width=&#8221;1\/3&#8243;][vc_single_image image=&#8221;107&#8243; img_size=&#8221;200&#215;80&#8243;][\/vc_column][vc_column width=&#8221;2\/3&#8243; css=&#8221;.vc_custom_1603983764372{padding-right: 10% !important;padding-left: 10% !important;}&#8221;][vc_column_text el_class=&#8221;blocopartners&#8221;]TEXFOR \u00e9 a principal associa\u00e7\u00e3o t\u00eaxtil em Espanha, contando com cerca de 300 membros. Representa o interesse do setor t\u00eaxtil a n\u00edvel regional, nacional e internacional. Com uma atitude orientada para a competitividade, disponibilizar solu\u00e7\u00f5es espec\u00edficas para empresas t\u00eaxteis a desenvolver num mercado global e competitivo.<\/p>\n<p>A TEXFOR tem uma vasta experi\u00eancia de forma\u00e7\u00e3o, uma vez que trabalhou em estreita colabora\u00e7\u00e3o com o Departamento Regional de Educa\u00e7\u00e3o da Espanha para desenvolver os conte\u00fados do primeiro certificado de forma\u00e7\u00e3o profissional regulamentado em t\u00eaxteis.[\/vc_column_text][vc_btn title=&#8221;Ver website&#8221; style=&#8221;outline&#8221; shape=&#8221;square&#8221; color=&#8221;info&#8221; size=&#8221;sm&#8221; css=&#8221;.vc_custom_1604010424793{padding-top: 30px !important;}&#8221; link=&#8221;url:http%3A%2F%2Fwww.texfor.es%2Fes%2F|target:_blank&#8221;][\/vc_column][\/vc_row][vc_row][vc_column][vc_separator color=&#8221;black&#8221;][\/vc_column][\/vc_row][vc_row][vc_column width=&#8221;1\/3&#8243;][vc_single_image image=&#8221;105&#8243; img_size=&#8221;200&#215;127&#8243;][\/vc_column][vc_column width=&#8221;2\/3&#8243; css=&#8221;.vc_custom_1603983764372{padding-right: 10% !important;padding-left: 10% !important;}&#8221;][vc_column_text el_class=&#8221;blocopartners&#8221;]ACCI\u00d3 \u00e9 a ag\u00eancia criada pelo Governo catal\u00e3o para tornar a empresa catal\u00e3 mais competitiva em todo o mundo. Seus principais objetivos s\u00e3o impulsionar a inova\u00e7\u00e3o, a internacionaliza\u00e7\u00e3o e atrair investimento estrangeiro.<\/p>\n<p>A ACCI\u00d3 est\u00e1 centrada na empresa, trabalhando nas necessidades de cada neg\u00f3cio individualmente e trabalhando em conjunto para buscar oportunidades e alcan\u00e7ar aquela vantagem competitiva importante. Na ACCI\u00d3 acreditamos que essa vantagem pode surgir com o trabalho em tr\u00eas \u00e1reas vitais da din\u00e2mica competitiva:\u00a0<strong>* inova\u00e7\u00e3o * internacionaliza\u00e7\u00e3o * atra\u00e7\u00e3o de investimento<\/strong>[\/vc_column_text][vc_btn title=&#8221;Ver website&#8221; style=&#8221;outline&#8221; shape=&#8221;square&#8221; color=&#8221;info&#8221; size=&#8221;sm&#8221; css=&#8221;.vc_custom_1604010613743{padding-top: 30px !important;}&#8221; link=&#8221;url:https%3A%2F%2Fwww.accio.gencat.cat%2Fca%2Finici|target:_blank&#8221;][\/vc_column][\/vc_row][vc_row][vc_column][vc_separator color=&#8221;black&#8221;][\/vc_column][\/vc_row][vc_row][vc_column width=&#8221;1\/3&#8243;][vc_single_image image=&#8221;103&#8243; img_size=&#8221;200&#215;80&#8243;][\/vc_column][vc_column width=&#8221;2\/3&#8243; css=&#8221;.vc_custom_1603983764372{padding-right: 10% !important;padding-left: 10% !important;}&#8221;][vc_column_text el_class=&#8221;blocopartners&#8221;]Icam \u00e9 um grupo de escolas de engenharia com unidades na Fran\u00e7a, \u00cdndia, Brasil, Equador, Camar\u00f5es e \u00c1frica Central (12 unidades no total). H\u00e1 mais de 100 anos, esta institui\u00e7\u00e3o, originalmente fundada em Lille, vem formando engenheiros com a preocupa\u00e7\u00e3o constante de torn\u00e1-los respons\u00e1veis \u200b\u200bperante a sociedade.<\/p>\n<p>Desde a sua cria\u00e7\u00e3o por industriais do norte da Fran\u00e7a, o Icam tem mantido fortes v\u00ednculos com empresas, notadamente por meio de seu Departamento de Atendimento a Neg\u00f3cios. Este departamento oferece a empresas, PMEs, ETIs e grandes grupos, uma ampla gama de servi\u00e7os em v\u00e1rios campos de atua\u00e7\u00e3o (automa\u00e7\u00e3o, eletr\u00f4nica, energia, engenharia el\u00e9trica, engenharia industrial, inform\u00e1tica, materiais, mec\u00e2nica, rob\u00f3tica, digitaliza\u00e7\u00e3o &#8230;):<\/p>\n<ul>\n<li>Servi\u00e7os de Engenharia: Inova\u00e7\u00e3o (produtos e processos), M\u00e9todos e Organiza\u00e7\u00e3o Industrial, Sistemas de Informa\u00e7\u00e3o, Gest\u00e3o e Ci\u00eancias Humanas.<\/li>\n<li>Auditoria e Consultoria sobre as possibilidades de financiamento de servi\u00e7os industriais: acesso ao CIR, CII, financiamento a outros &#8230;<\/li>\n<\/ul>\n<p>Por \u00faltimo, o Icam est\u00e1 tamb\u00e9m a desenvolver uma importante actividade de investiga\u00e7\u00e3o, nomeadamente em torno das \u00e1reas de investiga\u00e7\u00e3o 3 \u201cTransi\u00e7\u00e3o societal e tecnol\u00f3gica das empresas\u201d. Os projetos de investiga\u00e7\u00e3o relacionados com estas \u00e1reas de investiga\u00e7\u00e3o est\u00e3o organizados em torno de duas \u00e1reas: \u201cF\u00e1brica 4.0\u201d e \u201c\u00c9tica, Tecnologia e Governa\u00e7\u00e3o\u201d. Os projetos visam n\u00e3o s\u00f3 imaginar solu\u00e7\u00f5es inovadoras para a produ\u00e7\u00e3o industrial de amanh\u00e3, mas tamb\u00e9m trazer elementos ricos e construtivos sobre o papel do Homem nesta F\u00e1brica 4.0.[\/vc_column_text][vc_btn title=&#8221;Ver website&#8221; style=&#8221;outline&#8221; shape=&#8221;square&#8221; color=&#8221;info&#8221; size=&#8221;sm&#8221; css=&#8221;.vc_custom_1611315681772{padding-top: 30px !important;}&#8221; link=&#8221;url:https%3A%2F%2Fwww.icam.fr%2F|target:_blank&#8221;][\/vc_column][\/vc_row][vc_row][vc_column][vc_separator color=&#8221;black&#8221;][\/vc_column][\/vc_row][vc_row][vc_column width=&#8221;1\/3&#8243;][vc_single_image image=&#8221;101&#8243; img_size=&#8221;200&#215;80&#8243;][\/vc_column][vc_column width=&#8221;2\/3&#8243; css=&#8221;.vc_custom_1603983764372{padding-right: 10% !important;padding-left: 10% !important;}&#8221;][vc_column_text el_class=&#8221;blocopartners&#8221;]CITEVE \u00e9 um Centro Tecnol\u00f3gico, organiza\u00e7\u00e3o privada sem fins lucrativos, sediado em Vila Nova de Famalic\u00e3o e com delega\u00e7\u00f5es comerciais no Brasil, Tun\u00edsia, Argentina, Paquist\u00e3o, Chile e M\u00e9xico, que disponibiliza as empresas do Sector T\u00eaxtil e do Vestu\u00e1rio, principalmente PME (90%), um portf\u00f3lio de servi\u00e7os que inclui <strong>ensaios laboratoriais, certifica\u00e7\u00e3o de produtos, consultoria t\u00e9cnica e tecnol\u00f3gica, I&amp;D+inova\u00e7\u00e3o, forma\u00e7\u00e3o, e moda e design.<\/strong><\/p>\n<p>Como organiza\u00e7\u00e3o de refer\u00eancia no panorama nacional e europeu, em mat\u00e9ria de promo\u00e7\u00e3o da inova\u00e7\u00e3o e desenvolvimento da Ind\u00fastria T\u00eaxtil e do Vestu\u00e1rio, a miss\u00e3o do CITEVE \u00e9 apoiar o desenvolvimento das capacidades t\u00e9cnicas e tecnol\u00f3gicas das ind\u00fastrias t\u00eaxtil e do vestu\u00e1rio, atrav\u00e9s do fomento e da difus\u00e3o da inova\u00e7\u00e3o, da promo\u00e7\u00e3o da melhoria da qualidade e do suporte instrumental \u00e0 defini\u00e7\u00e3o de pol\u00edticas industriais para o sector.[\/vc_column_text][vc_btn title=&#8221;Ver website&#8221; style=&#8221;outline&#8221; shape=&#8221;square&#8221; color=&#8221;info&#8221; size=&#8221;sm&#8221; css=&#8221;.vc_custom_1604010963317{padding-top: 30px !important;}&#8221; link=&#8221;url:https%3A%2F%2Fwww.citeve.pt%2F|target:_blank&#8221;][\/vc_column][\/vc_row][vc_row][vc_column][vc_separator color=&#8221;black&#8221;][\/vc_column][\/vc_row][vc_row][vc_column width=&#8221;1\/3&#8243;][vc_single_image image=&#8221;1089&#8243; img_size=&#8221;200&#215;127&#8243;][\/vc_column][vc_column width=&#8221;2\/3&#8243; css=&#8221;.vc_custom_1603983764372{padding-right: 10% !important;padding-left: 10% !important;}&#8221;][vc_column_text el_class=&#8221;blocopartners&#8221;]A Textile Industry Research Association &#8211; AITEX, \u00e9 uma associa\u00e7\u00e3o de pesquisa privada que <strong>realiza ensaios de caracteriza\u00e7\u00e3o e certifica\u00e7\u00e3o de materiais e artigos t\u00eaxteis<\/strong> para uma ampla gama de setores, incluindo design de interiores, moda, vestu\u00e1rio de trabalho, sa\u00fade, desporto e lazer, transporte terrestre e mar\u00edtimo, superf\u00edcies aeroespaciais e esportivas.<\/p>\n<p>O objetivo central da AITEX \u00e9 criar e transferir conhecimento sobre t\u00eaxteis para o setor privado, tornando a ind\u00fastria t\u00eaxtil mais competitiva e abrindo portas para novas oportunidades com um alto fator de valor agregado. O Instituto promove a moderniza\u00e7\u00e3o e a introdu\u00e7\u00e3o de tecnologias emergentes por meio de suas atividades de P + D em andamento e outros projetos que contribuem para a evolu\u00e7\u00e3o da ind\u00fastria t\u00eaxtil, e emite as certifica\u00e7\u00f5es de produto mais adequadas para permitir que um artigo concorra no mercado internacional e facilitar sua introdu\u00e7\u00e3o em nichos de mercado de ponta.[\/vc_column_text][vc_btn title=&#8221;Ver website&#8221; style=&#8221;outline&#8221; shape=&#8221;square&#8221; color=&#8221;info&#8221; size=&#8221;sm&#8221; css=&#8221;.vc_custom_1604011208467{padding-top: 30px !important;}&#8221; link=&#8221;url:https%3A%2F%2Fwww.aitex.es%2F|target:_blank&#8221;][\/vc_column][\/vc_row][vc_row][vc_column][vc_separator color=&#8221;black&#8221;][\/vc_column][\/vc_row][vc_row][vc_column width=&#8221;1\/3&#8243;][vc_single_image image=&#8221;106&#8243; img_size=&#8221;200&#215;80&#8243;][\/vc_column][vc_column width=&#8221;2\/3&#8243; css=&#8221;.vc_custom_1603983764372{padding-right: 10% !important;padding-left: 10% !important;}&#8221;][vc_column_text el_class=&#8221;blocopartners&#8221;]Programa da C\u00e2mara Municipal de Vila Nova de Famalic\u00e3o assente na miss\u00e3o de promover um contexto municipal facilitador da iniciativa empresarial, o Famalic\u00e3o Made IN visa exponenciar a performance econ\u00f3mica do concelho, que goza do estatuto de terceiro munic\u00edpio mais exportador de Portugal.<\/p>\n<p>Valorizar e promover a gen\u00e9tica empreendedora, captar novos investimentos e auxiliar empres\u00e1rios e empreendedores no desenvolvimento de projetos empresariais s\u00e3o os principais des\u00edgnios do Famalic\u00e3o Made IN.[\/vc_column_text][vc_btn title=&#8221;Ver website&#8221; style=&#8221;outline&#8221; shape=&#8221;square&#8221; color=&#8221;info&#8221; size=&#8221;sm&#8221; css=&#8221;.vc_custom_1607184693450{padding-top: 30px !important;}&#8221; link=&#8221;url:https%3A%2F%2Fwww.famalicaomadein.pt%2F|target:_blank&#8221;][\/vc_column][\/vc_row][vc_row][vc_column][vc_separator color=&#8221;black&#8221;][\/vc_column][\/vc_row][vc_row][vc_column width=&#8221;1\/3&#8243;][vc_single_image image=&#8221;102&#8243; img_size=&#8221;200&#215;80&#8243;][\/vc_column][vc_column width=&#8221;2\/3&#8243; css=&#8221;.vc_custom_1603983764372{padding-right: 10% !important;padding-left: 10% !important;}&#8221;][vc_column_text el_class=&#8221;blocopartners&#8221;]<span class=\"VIiyi\" lang=\"pt\"><span class=\"JLqJ4b ChMk0b\" data-language-for-alternatives=\"pt\" data-language-to-translate-into=\"auto\" data-phrase-index=\"0\">A Union des Industries Textile Sud (UIT Sud) re\u00fane e representa as empresas da ind\u00fastria t\u00eaxtil do Sudoeste (Occitanie e Nouvell e Aquitaine).<\/span> <span class=\"JLqJ4b ChMk0b\" data-language-for-alternatives=\"pt\" data-language-to-translate-into=\"auto\" data-phrase-index=\"1\">Atua como porta-voz das empresas junto aos \u00f3rg\u00e3os p\u00fablicos, regionais e estaduais, na defesa dos interesses da profiss\u00e3o, na coordena\u00e7\u00e3o de uma rede de desenvolvimento empresarial ao servi\u00e7o dos dirigentes empresariais e suas equipes, para<\/span> <span class=\"JLqJ4b ChMk0b\" data-language-for-alternatives=\"pt\" data-language-to-translate-into=\"auto\" data-phrase-index=\"2\">informar as empresas de novidades profissionais de todos os tipos, para estimular projetos coletivos e individuais para impulsionar a ind\u00fastria t\u00eaxtil regional.<\/span><\/span>[\/vc_column_text][vc_btn title=&#8221;Ver website&#8221; style=&#8221;outline&#8221; shape=&#8221;square&#8221; color=&#8221;info&#8221; size=&#8221;sm&#8221; css=&#8221;.vc_custom_1604011599249{padding-top: 30px !important;}&#8221; link=&#8221;url:http%3A%2F%2Fwww.textilesud.fr%2Ffr%2F|target:_blank&#8221;][\/vc_column][\/vc_row][vc_row][vc_column][vc_column_text el_class=&#8221;textoborder&#8221;]<\/p>\n<h1><strong>Associados<\/strong><\/h1>\n<p>[\/vc_column_text][vc_raw_html]JTNDaHIlMjBjbGFzcyUzRCUyMmJhcnJhJTIyJTNF[\/vc_raw_html][\/vc_column][\/vc_row][vc_row css=&#8221;.vc_custom_1603985197108{margin-top: 30px !important;}&#8221;][vc_column width=&#8221;1\/2&#8243;][vc_single_image image=&#8221;100&#8243; img_size=&#8221;200&#215;80&#8243;][vc_column_text el_class=&#8221;blocopartners&#8221;]A Comiss\u00e3o de Coordena\u00e7\u00e3o e Desenvolvimento Regional do Norte (CCDR-N) \u00e9 um servi\u00e7o da administra\u00e7\u00e3o direta do Estado, dotado de autonomia administrativa e financeira, cuja dire\u00e7\u00e3o \u00e9 exercida pela Ministra da Coes\u00e3o Territorial, em coordena\u00e7\u00e3o com a Ministra da Moderniza\u00e7\u00e3o do Estado e da Administra\u00e7\u00e3o P\u00fablica, nas mat\u00e9rias relativas \u00e0s autarquias locais, e com o Ministro do Ambiente e da A\u00e7\u00e3o Clim\u00e1tica, em mat\u00e9rias de ambiente e ordenamento do territ\u00f3rio. <strong>Esta institui\u00e7\u00e3o p\u00fablica visa o desenvolvimento integrado e sustent\u00e1vel do Norte de Portugal, contribuindo para a competitividade e coes\u00e3o do territ\u00f3rio nacional.<\/strong>[\/vc_column_text][vc_btn title=&#8221;Ver website&#8221; style=&#8221;outline&#8221; shape=&#8221;square&#8221; color=&#8221;info&#8221; size=&#8221;sm&#8221; css=&#8221;.vc_custom_1604011705864{padding-top: 30px !important;}&#8221; link=&#8221;url:https%3A%2F%2Fwww.ccdr-n.pt%2F|target:_blank&#8221;][\/vc_column][vc_column width=&#8221;1\/2&#8243;][vc_single_image image=&#8221;1105&#8243; img_size=&#8221;200&#215;80&#8243;][vc_column_text el_class=&#8221;blocopartners&#8221;]O Departamento de Inova\u00e7\u00e3o e Novas Tecnologias da C\u00e2mara Municipal de Alcoy \u00e9 respons\u00e1vel por:<\/p>\n<p>Promover a cidade como sede e origem de empresas ligadas \u00e0 inova\u00e7\u00e3o e \u00e0s novas tecnologias, de forma a gerar empregos.<br \/>\nFacilitar a participa\u00e7\u00e3o e colabora\u00e7\u00e3o com todos os agentes do munic\u00edpio que est\u00e3o envolvidos na inova\u00e7\u00e3o.<br \/>\nDisseminar a criatividade e a inova\u00e7\u00e3o para a gest\u00e3o de \u00f3rg\u00e3os p\u00fablicos municipais, empres\u00e1rios e empresas, bem como para a gest\u00e3o e gest\u00e3o de espa\u00e7os de promo\u00e7\u00e3o de empresas e atividades inovadoras e de utiliza\u00e7\u00e3o de novas tecnologias.[\/vc_column_text][vc_btn title=&#8221;Ver website&#8221; style=&#8221;outline&#8221; shape=&#8221;square&#8221; color=&#8221;info&#8221; size=&#8221;sm&#8221; css=&#8221;.vc_custom_1611613328421{padding-top: 30px !important;}&#8221; link=&#8221;url:https%3A%2F%2Fwww.alcoi.org%2F|target:_blank&#8221;][\/vc_column][\/vc_row]<\/p>\n<\/section>","protected":false},"excerpt":{"rendered":"<p>[vc_row full_width=&#8221;stretch_row&#8221; content_placement=&#8221;middle&#8221; css=&#8221;.vc_custom_1611618230200{margin-top: -60px !important;background-image: url(https:\/\/digitvc.eu\/wp-content\/uploads\/2020\/10\/destaque-projetos.jpg?id=129) !important;background-position: center !important;background-repeat: no-repeat !important;background-size: cover !important;}&#8221;][vc_column][vc_column_text css=&#8221;.vc_custom_1603983022943{padding-top:&#8230;<\/p>\n","protected":false},"author":1,"featured_media":0,"parent":0,"menu_order":0,"comment_status":"closed","ping_status":"closed","template":"","meta":{"_seopress_robots_primary_cat":"","_seopress_titles_title":"","_seopress_titles_desc":"","_seopress_robots_index":""},"_links":{"self":[{"href":"https:\/\/digitvc.eu\/pt-pt\/wp-json\/wp\/v2\/pages\/10"}],"collection":[{"href":"https:\/\/digitvc.eu\/pt-pt\/wp-json\/wp\/v2\/pages"}],"about":[{"href":"https:\/\/digitvc.eu\/pt-pt\/wp-json\/wp\/v2\/types\/page"}],"author":[{"embeddable":true,"href":"https:\/\/digitvc.eu\/pt-pt\/wp-json\/wp\/v2\/users\/1"}],"replies":[{"embeddable":true,"href":"https:\/\/digitvc.eu\/pt-pt\/wp-json\/wp\/v2\/comments?post=10"}],"version-history":[{"count":48,"href":"https:\/\/digitvc.eu\/pt-pt\/wp-json\/wp\/v2\/pages\/10\/revisions"}],"predecessor-version":[{"id":2025,"href":"https:\/\/digitvc.eu\/pt-pt\/wp-json\/wp\/v2\/pages\/10\/revisions\/2025"}],"wp:attachment":[{"href":"https:\/\/digitvc.eu\/pt-pt\/wp-json\/wp\/v2\/media?parent=10"}],"curies":[{"name":"wp","href":"https:\/\/api.w.org\/{rel}","templated":true}]}}