{"id":617,"date":"2020-10-20T22:00:43","date_gmt":"2020-10-20T22:00:43","guid":{"rendered":"https:\/\/digitvc.eu\/website\/projeto\/"},"modified":"2021-04-13T09:06:43","modified_gmt":"2021-04-13T09:06:43","slug":"projet","status":"publish","type":"page","link":"https:\/\/digitvc.eu\/fr\/projet\/","title":{"rendered":"Projet"},"content":{"rendered":"<section class=\"wpb-content-wrapper\"><p>[vc_row full_width=&#8221;stretch_row&#8221; content_placement=&#8221;middle&#8221; css=&#8221;.vc_custom_1611620196787{margin-top: -60px !important;background-image: url(https:\/\/digitvc.eu\/wp-content\/uploads\/2020\/10\/destaque-projetos.jpg?id=618) !important;background-position: center !important;background-repeat: no-repeat !important;background-size: cover !important;}&#8221;][vc_column][vc_column_text css=&#8221;.vc_custom_1604015965734{padding-top: 10% !important;}&#8221; el_class=&#8221;laranja&#8221;]<\/p>\n<h1 style=\"text-align: center;\"><strong>Le Projet<\/strong><\/h1>\n<p>[\/vc_column_text][vc_icon type=&#8221;typicons&#8221; icon_typicons=&#8221;typcn typcn-arrow-down&#8221; color=&#8221;custom&#8221; size=&#8221;lg&#8221; align=&#8221;center&#8221; css_animation=&#8221;top-to-bottom&#8221; custom_color=&#8221;#1cb8cf&#8221; css=&#8221;.vc_custom_1603989967575{padding-bottom: 5% !important;}&#8221;][\/vc_column][\/vc_row][vc_row full_width=&#8221;stretch_row_content_no_spaces&#8221; content_placement=&#8221;middle&#8221;][vc_column width=&#8221;1\/2&#8243;][vc_single_image image=&#8221;148&#8243; img_size=&#8221;full&#8221; css=&#8221;.vc_custom_1603974303947{padding-top: 5% !important;padding-right: 5% !important;}&#8221;][\/vc_column][vc_column width=&#8221;1\/2&#8243;][vc_column_text el_class=&#8221;bloco&#8221;]<\/p>\n<h1><strong>Description<\/strong><\/h1>\n<p>&nbsp;<\/p>\n<p>Dans un environnement de plus en plus sp\u00e9cialis\u00e9 et hyperconnect\u00e9, les PME du secteur textile, au sein de la r\u00e9gion SUDOE, ont rapidement besoin de se num\u00e9riser pour rester comp\u00e9titives, en s&#8217;adaptant aux nouvelles exigences du secteur telles que la tra\u00e7abilit\u00e9, la personnalisation, la durabilit\u00e9, entre autres, ainsi que la connexion \u00e0 l&#8217;ensemble de la cha\u00eene de valeur en vue d&#8217;une plus grande efficacit\u00e9 et productivit\u00e9.<\/p>\n<p>DigiTVC se concentre sur l&#8217;accompagnement des PME \u00e0 travers un diagnostic de digitalisation suivi de 3 pilotes avec des entreprises textiles et des startups. Les r\u00e9sultats seront syst\u00e9matis\u00e9s dans un protocole qui permettra \u00e0 d&#8217;autres entreprises de concevoir leur strat\u00e9gie de num\u00e9risation en utilisant les technologies les plus appropri\u00e9es.<\/p>\n<p>La p\u00e9rennit\u00e9 du projet est en ligne avec les besoins de digitalisation de la cha\u00eene de valeur textile, et sera garantie par le d\u00e9veloppement du protocole pour la<br \/>\nnum\u00e9risation, qui sera assur\u00e9e par des experts d\u00fbment accr\u00e9dit\u00e9s par les organisations r\u00e9gionales.<\/p>\n<p>[\/vc_column_text][\/vc_column][\/vc_row][vc_row full_width=&#8221;stretch_row_content_no_spaces&#8221; content_placement=&#8221;middle&#8221;][vc_column width=&#8221;1\/2&#8243; el_class=&#8221;.vc_col-sm-push-6&#8243;][vc_single_image image=&#8221;167&#8243; img_size=&#8221;full&#8221; alignment=&#8221;right&#8221; css=&#8221;.vc_custom_1604063259145{padding-top: 5% !important;padding-left: 5% !important;}&#8221;][\/vc_column][vc_column width=&#8221;1\/2&#8243; el_class=&#8221;.vc_col-sm-pull-6&#8243;][vc_column_text el_class=&#8221;bloco&#8221;]<\/p>\n<h1><strong>Objectifs<\/strong><\/h1>\n<p>&nbsp;<\/p>\n<p>L&#8217;objectif principal de ce projet est d&#8217;am\u00e9liorer la comp\u00e9titivit\u00e9 des entreprises du secteur du textile et de l&#8217;habillement de la r\u00e9gion SUDOE, en digitalisant leurs processus de production. Pour atteindre cet objectif, la coop\u00e9ration d&#8217;organisations et de connaissances compl\u00e9mentaires (p\u00f4les technologiques, associations professionnelles, organismes de comp\u00e9titivit\u00e9 publique et entreprises) permettra d&#8217;am\u00e9liorer l&#8217;environnement des entreprises de l&#8217;Espace SUDOE, objectif sp\u00e9cifique de ce programme.<\/p>\n<ul>\n<li><strong>Evaluer l&#8217;\u00e9tat de la situation et d\u00e9finir la meilleure strat\u00e9gie de digitalisation de l&#8217;industrie textile.<\/strong><\/li>\n<li><strong>Tester et valider le processus de digitalisation de la cha\u00eene de valeur du textile et de l&#8217;habillement \u00e0 travers des projets pilotes.<\/strong><\/li>\n<li><strong>Pr\u00e9parer un protocole de num\u00e9risation pour l&#8217;industrie textile et l&#8217;industrie du v\u00eatement.<\/strong><\/li>\n<\/ul>\n<p>[\/vc_column_text][\/vc_column][\/vc_row][vc_row full_width=&#8221;stretch_row_content_no_spaces&#8221; content_placement=&#8221;middle&#8221;][vc_column width=&#8221;1\/2&#8243;][vc_single_image image=&#8221;200&#8243; img_size=&#8221;full&#8221; css=&#8221;.vc_custom_1603974767563{padding-top: 5% !important;padding-right: 5% !important;}&#8221;][\/vc_column][vc_column width=&#8221;1\/2&#8243;][vc_column_text el_class=&#8221;bloco&#8221;]<\/p>\n<h1><strong>R\u00e9sultats<br \/>\n<\/strong><\/h1>\n<p>&nbsp;<\/p>\n<p>Promouvoir l&#8217;adoption des technologies num\u00e9riques par les entreprises textiles afin d&#8217;am\u00e9liorer leur comp\u00e9titivit\u00e9 et leur fournir les outils n\u00e9cessaires pour cr\u00e9er leur propre strat\u00e9gie num\u00e9rique;<\/p>\n<p>D\u00e9velopper des projets pilotes dans les trois principaux segments du textile (mode, textile de maison et textiles techniques) pour valider un protocole d&#8217;action r\u00e9plicable;<\/p>\n<p>Amener les startups technologiques aux besoins du secteur, en promouvant des solutions communes;<\/p>\n<p>Former des sp\u00e9cialistes au protocole de num\u00e9risation textile et inclure l&#8217;accr\u00e9ditation d&#8217;agents publics (Agences de Comp\u00e9titivit\u00e9, Municipalit\u00e9s)<br \/>\n\u00e0 travers ses programmes de soutien aux PME.[\/vc_column_text][\/vc_column][\/vc_row][vc_row full_width=&#8221;stretch_row_content&#8221; css=&#8221;.vc_custom_1617874703941{margin-top: 10% !important;margin-bottom: -70px !important;padding-top: 5% !important;padding-bottom: 5% !important;background-color: #1d2241 !important;}&#8221; el_id=&#8221;contact&#8221;][vc_column css=&#8221;.vc_custom_1603990215964{padding-top: 5% !important;padding-bottom: 5% !important;}&#8221;][vc_icon type=&#8221;entypo&#8221; icon_entypo=&#8221;entypo-icon entypo-icon-share&#8221; color=&#8221;white&#8221; size=&#8221;lg&#8221; align=&#8221;center&#8221;][vc_row_inner][vc_column_inner width=&#8221;1\/4&#8243;][\/vc_column_inner][vc_column_inner width=&#8221;1\/2&#8243;][vc_column_text el_class=&#8221;ctawht&#8221;]<\/p>\n<h2 style=\"text-align: center;\">Rejoignez l&#8217;\u00e9cosyst\u00e8me DigiTVC pour la digitalisation du secteur textile.<\/h2>\n<p>[\/vc_column_text][\/vc_column_inner][vc_column_inner width=&#8221;1\/4&#8243;][\/vc_column_inner][\/vc_row_inner][vc_btn title=&#8221;Nous sommes une entreprise textile&#8221; shape=&#8221;round&#8221; color=&#8221;white&#8221; size=&#8221;lg&#8221; align=&#8221;center&#8221; link=&#8221;url:https%3A%2F%2Fdigitvc.eu%2Fen%2Fregistration%2F&#8221; el_class=&#8221;cordigi&#8221;][vc_btn title=&#8221;Nou sommes une startup ou un fournisseur technologique&#8221; shape=&#8221;round&#8221; color=&#8221;danger&#8221; size=&#8221;lg&#8221; align=&#8221;center&#8221; link=&#8221;url:https%3A%2F%2Fdigitvc.eu%2Fen%2Fproviders-registration%2F&#8221; el_class=&#8221;cordigi&#8221;][\/vc_column][\/vc_row]<\/p>\n<\/section>","protected":false},"excerpt":{"rendered":"<p>[vc_row full_width=&#8221;stretch_row&#8221; content_placement=&#8221;middle&#8221; css=&#8221;.vc_custom_1611620196787{margin-top: -60px !important;background-image: url(https:\/\/digitvc.eu\/wp-content\/uploads\/2020\/10\/destaque-projetos.jpg?id=618) !important;background-position: center !important;background-repeat: no-repeat !important;background-size: cover !important;}&#8221;][vc_column][vc_column_text css=&#8221;.vc_custom_1604015965734{padding-top:&#8230;<\/p>\n","protected":false},"author":1,"featured_media":0,"parent":0,"menu_order":0,"comment_status":"closed","ping_status":"closed","template":"templates\/full-width-page.php","meta":{"_seopress_robots_primary_cat":"","_seopress_titles_title":"","_seopress_titles_desc":"","_seopress_robots_index":""},"_links":{"self":[{"href":"https:\/\/digitvc.eu\/fr\/wp-json\/wp\/v2\/pages\/617"}],"collection":[{"href":"https:\/\/digitvc.eu\/fr\/wp-json\/wp\/v2\/pages"}],"about":[{"href":"https:\/\/digitvc.eu\/fr\/wp-json\/wp\/v2\/types\/page"}],"author":[{"embeddable":true,"href":"https:\/\/digitvc.eu\/fr\/wp-json\/wp\/v2\/users\/1"}],"replies":[{"embeddable":true,"href":"https:\/\/digitvc.eu\/fr\/wp-json\/wp\/v2\/comments?post=617"}],"version-history":[{"count":8,"href":"https:\/\/digitvc.eu\/fr\/wp-json\/wp\/v2\/pages\/617\/revisions"}],"predecessor-version":[{"id":1717,"href":"https:\/\/digitvc.eu\/fr\/wp-json\/wp\/v2\/pages\/617\/revisions\/1717"}],"wp:attachment":[{"href":"https:\/\/digitvc.eu\/fr\/wp-json\/wp\/v2\/media?parent=617"}],"curies":[{"name":"wp","href":"https:\/\/api.w.org\/{rel}","templated":true}]}}