{"id":615,"date":"2020-10-20T22:00:58","date_gmt":"2020-10-20T22:00:58","guid":{"rendered":"https:\/\/digitvc.eu\/website\/parceiros\/"},"modified":"2021-01-26T00:15:52","modified_gmt":"2021-01-26T00:15:52","slug":"partenaires","status":"publish","type":"page","link":"https:\/\/digitvc.eu\/fr\/partenaires\/","title":{"rendered":"Partenaires"},"content":{"rendered":"<section class=\"wpb-content-wrapper\"><p>[vc_row full_width=&#8221;stretch_row&#8221; content_placement=&#8221;middle&#8221; css=&#8221;.vc_custom_1611620161456{margin-top: -60px !important;background-image: url(https:\/\/digitvc.eu\/wp-content\/uploads\/2020\/10\/destaque-projetos.jpg?id=618) !important;background-position: center !important;background-repeat: no-repeat !important;background-size: cover !important;}&#8221;][vc_column][vc_column_text css=&#8221;.vc_custom_1604016058948{padding-top: 10% !important;}&#8221; el_class=&#8221;laranja&#8221;]<\/p>\n<h1 style=\"text-align: center;\"><strong>Partenaires<\/strong><\/h1>\n<p>[\/vc_column_text][vc_icon type=&#8221;typicons&#8221; icon_typicons=&#8221;typcn typcn-arrow-down&#8221; color=&#8221;custom&#8221; size=&#8221;lg&#8221; align=&#8221;center&#8221; css_animation=&#8221;top-to-bottom&#8221; custom_color=&#8221;#1cb8cf&#8221; css=&#8221;.vc_custom_1603989728464{padding-bottom: 5% !important;}&#8221;][\/vc_column][\/vc_row][vc_row][vc_column width=&#8221;1\/3&#8243;][vc_single_image image=&#8221;107&#8243; img_size=&#8221;200&#215;80&#8243;][\/vc_column][vc_column width=&#8221;2\/3&#8243; css=&#8221;.vc_custom_1603983764372{padding-right: 10% !important;padding-left: 10% !important;}&#8221;][vc_column_text el_class=&#8221;blocopartners&#8221;]TEXFOR est la principale association textile en Espagne, avec environ 300 membres. Il repr\u00e9sente l&#8217;int\u00e9r\u00eat du secteur textile aux niveaux r\u00e9gional, national et international. Avec une attitude tourn\u00e9e vers la comp\u00e9titivit\u00e9, apportant des solutions sp\u00e9cifiques aux entreprises textiles pour se d\u00e9velopper sur un march\u00e9 mondial et comp\u00e9titif.<\/p>\n<p>TEXFOR poss\u00e8de une vaste exp\u00e9rience de la formation, car il a travaill\u00e9 en \u00e9troite collaboration avec le D\u00e9partement r\u00e9gional de l&#8217;\u00e9ducation d&#8217;Espagne pour d\u00e9velopper le contenu du premier certificat de formation professionnelle r\u00e9glement\u00e9 dans le textile.[\/vc_column_text][vc_btn title=&#8221;Voir le site&#8221; style=&#8221;outline&#8221; shape=&#8221;square&#8221; color=&#8221;info&#8221; size=&#8221;sm&#8221; css=&#8221;.vc_custom_1607185624209{padding-top: 30px !important;}&#8221; link=&#8221;url:http%3A%2F%2Fwww.texfor.es%2Fes%2F|target:_blank&#8221;][\/vc_column][\/vc_row][vc_row][vc_column][vc_separator color=&#8221;black&#8221;][\/vc_column][\/vc_row][vc_row][vc_column width=&#8221;1\/3&#8243;][vc_single_image image=&#8221;105&#8243; img_size=&#8221;200&#215;127&#8243;][\/vc_column][vc_column width=&#8221;2\/3&#8243; css=&#8221;.vc_custom_1603983764372{padding-right: 10% !important;padding-left: 10% !important;}&#8221;][vc_column_text el_class=&#8221;blocopartners&#8221;]ACCI\u00d3 est l&#8217;agence cr\u00e9\u00e9e par le gouvernement catalan pour rendre l&#8217;entreprise catalane plus comp\u00e9titive dans le monde. Ses principaux objectifs sont de stimuler l&#8217;innovation, l&#8217;internationalisation et d&#8217;attirer les investissements \u00e9trangers.<\/p>\n<p>ACCI\u00d3 est centr\u00e9 sur l&#8217;entreprise, travaillant sur les besoins de chaque entreprise individuellement et travaillant ensemble pour rechercher des opportunit\u00e9s et obtenir cet avantage concurrentiel important. Chez ACCI\u00d3, nous pensons que cet avantage peut r\u00e9sulter du travail dans trois domaines vitaux de la dynamique concurrentielle:<\/p>\n<p>* l&#8217;innovation * l&#8217;internationalisation * l&#8217;attraction des investissements[\/vc_column_text][vc_btn title=&#8221;Voir le site&#8221; style=&#8221;outline&#8221; shape=&#8221;square&#8221; color=&#8221;info&#8221; size=&#8221;sm&#8221; css=&#8221;.vc_custom_1607185631192{padding-top: 30px !important;}&#8221; link=&#8221;url:https%3A%2F%2Fwww.accio.gencat.cat%2Fca%2Finici|target:_blank&#8221;][\/vc_column][\/vc_row][vc_row][vc_column][vc_separator color=&#8221;black&#8221;][\/vc_column][\/vc_row][vc_row][vc_column width=&#8221;1\/3&#8243;][vc_single_image image=&#8221;103&#8243; img_size=&#8221;200&#215;80&#8243;][\/vc_column][vc_column width=&#8221;2\/3&#8243; css=&#8221;.vc_custom_1603983764372{padding-right: 10% !important;padding-left: 10% !important;}&#8221;][vc_column_text el_class=&#8221;blocopartners&#8221;]L\u2019Icam est une \u00e9cole d\u2019ing\u00e9nieurs g\u00e9n\u00e9ralistes dont les sites se trouvent en France, en Inde, au Br\u00e9sil, au Cameroun, en \u00e9quateur et en Afrique Centrale (12 sites au total). Depuis plus de 100 ans, cette institution originellement fond\u00e9e \u00e0 Lille forme des ing\u00e9nieurs avec la pr\u00e9occupation constante de les responsabiliser vis-\u00e0-vis de la soci\u00e9t\u00e9.<\/p>\n<p>Depuis sa cr\u00e9ation par des industriels du Nord de la France, l\u2019Icam a su entretenir des liens forts avec les entreprises, via notamment son p\u00f4le service aux entreprises. Celui-ci propose aux entreprises, PME, ETI et grands groupes, un vaste choix de services et de prestations dans les domaines d\u2019expertises vari\u00e9s (automatisme, \u00e9lectronique, \u00e9nerg\u00e9tique, g\u00e9nie \u00e9lectrique, g\u00e9nie industriel, informatique, mat\u00e9riaux, m\u00e9canique, robotique, digitalisation&#8230;) :<\/p>\n<ul>\n<li>Prestations d\u2019ing\u00e9nierie : Innovation (produits et proc\u00e9d\u00e9s), M\u00e9thodes &amp; Organisation Industrielle, Syst\u00e8mes d\u2019Information, Management et Sciences Humaines<\/li>\n<li>Audit &amp; Conseil sur les possibilit\u00e9s de financement de prestations industrielles : acc\u00e8s au CIR, CII, financements autres\u2026<\/li>\n<\/ul>\n<p>Enfin, l\u2019Icam d\u00e9veloppe \u00e9galement une importante activit\u00e9 de recherche, en particulier autour de l\u2019axe 3 \u00ab\u00a0<strong> La transition soci\u00e9tale et technologique des entreprises\u00a0\u00bb. <\/strong>Les projets de Recherche li\u00e9s \u00e0 cet axe s\u2019articulent autour de deux th\u00e9matiques : \u00ab\u00a0industrie 4.0\u00a0\u00bb et \u00ab\u00a0Ethique, technologie et gouvernance\u00a0\u00bb. Les projets visent non seulement \u00e0 imaginer des solutions innovantes pour la production industrielle de demain, mais aussi \u00e0 apporter des \u00e9l\u00e9ments riches et constructifs sur <strong>la place de l\u2019homme dans cette industrie 4.0.<\/strong>[\/vc_column_text][vc_btn title=&#8221;Voir le site&#8221; style=&#8221;outline&#8221; shape=&#8221;square&#8221; color=&#8221;info&#8221; size=&#8221;sm&#8221; css=&#8221;.vc_custom_1611315373153{padding-top: 30px !important;}&#8221; link=&#8221;url:https%3A%2F%2Fwww.icam.fr%2F|target:_blank&#8221;][\/vc_column][\/vc_row][vc_row][vc_column][vc_separator color=&#8221;black&#8221;][\/vc_column][\/vc_row][vc_row][vc_column width=&#8221;1\/3&#8243;][vc_single_image image=&#8221;101&#8243; img_size=&#8221;200&#215;80&#8243;][\/vc_column][vc_column width=&#8221;2\/3&#8243; css=&#8221;.vc_custom_1603983764372{padding-right: 10% !important;padding-left: 10% !important;}&#8221;][vc_column_text el_class=&#8221;blocopartners&#8221;]CITEVE est un centre technologique, une organisation priv\u00e9e \u00e0 but non lucratif, bas\u00e9e \u00e0 Vila Nova de Famalic\u00e3o et avec des d\u00e9l\u00e9gations commerciales au Br\u00e9sil, en Tunisie, en Argentine, au Pakistan, au Chili et au Mexique, qui fournit des entreprises du secteur du textile et de l&#8217;habillement, principalement des PME (90 %), un portefeuille de services qui comprend des <strong>tests en laboratoire, la certification de produits, le conseil technique et technologique, l&#8217;innovation R &amp; D +, la formation, la mode et le design.<\/strong><\/p>\n<p>En tant qu&#8217;organisme de r\u00e9f\u00e9rence sur la sc\u00e8ne nationale et europ\u00e9enne, en termes de promotion de l&#8217;innovation et du d\u00e9veloppement de l&#8217;industrie du textile et de l&#8217;habillement, la mission de CITEVE est de soutenir le d\u00e9veloppement des capacit\u00e9s techniques et technologiques dans les industries du textile et de l&#8217;habillement, \u00e0 travers la promotion et diffusion de l&#8217;innovation, promotion de l&#8217;am\u00e9lioration de la qualit\u00e9 et appui instrumental \u00e0 la d\u00e9finition des politiques industrielles du secteur.[\/vc_column_text][vc_btn title=&#8221;Voir le site&#8221; style=&#8221;outline&#8221; shape=&#8221;square&#8221; color=&#8221;info&#8221; size=&#8221;sm&#8221; css=&#8221;.vc_custom_1607185643737{padding-top: 30px !important;}&#8221; link=&#8221;url:https%3A%2F%2Fwww.citeve.pt%2F|target:_blank&#8221;][\/vc_column][\/vc_row][vc_row][vc_column][vc_separator color=&#8221;black&#8221;][\/vc_column][\/vc_row][vc_row][vc_column width=&#8221;1\/3&#8243;][vc_single_image image=&#8221;1091&#8243; img_size=&#8221;200&#215;127&#8243;][\/vc_column][vc_column width=&#8221;2\/3&#8243; css=&#8221;.vc_custom_1603983764372{padding-right: 10% !important;padding-left: 10% !important;}&#8221;][vc_column_text el_class=&#8221;blocopartners&#8221;]The Textile Industry Research Association &#8211; AITEX, est une association de<strong> recherche priv\u00e9e qui m\u00e8ne des tests de caract\u00e9risation et de certification sur les mat\u00e9riaux et articles textiles<\/strong> pour un large \u00e9ventail de secteurs, y compris la d\u00e9coration int\u00e9rieure, la mode, les v\u00eatements de travail, la sant\u00e9, le sport et les loisirs, transports terrestres et maritimes, a\u00e9rospatiaux et surfaces sportives.<\/p>\n<p>L&#8217;objectif principal d&#8217;AITEX est de cr\u00e9er et de transf\u00e9rer des connaissances sur le textile au secteur priv\u00e9, en rendant l&#8217;industrie textile plus comp\u00e9titive et en ouvrant les portes \u00e0 de nouvelles opportunit\u00e9s \u00e0 forte valeur ajout\u00e9e. L&#8217;Institut promeut la modernisation et l&#8217;introduction de technologies \u00e9mergentes \u00e0 travers ses activit\u00e9s de R&amp;D en cours et d&#8217;autres projets qui contribuent \u00e0 l&#8217;\u00e9volution de l&#8217;industrie textile, et d\u00e9livre les certifications de produits les plus appropri\u00e9es pour permettre \u00e0 un article d&#8217;\u00eatre comp\u00e9titif sur le march\u00e9. march\u00e9 international et faciliter son introduction dans des niches de march\u00e9 de pointe.[\/vc_column_text][vc_btn title=&#8221;Voir le site&#8221; style=&#8221;outline&#8221; shape=&#8221;square&#8221; color=&#8221;info&#8221; size=&#8221;sm&#8221; css=&#8221;.vc_custom_1607185649824{padding-top: 30px !important;}&#8221; link=&#8221;url:https%3A%2F%2Fwww.aitex.es%2F|target:_blank&#8221;][\/vc_column][\/vc_row][vc_row][vc_column][vc_separator color=&#8221;black&#8221;][\/vc_column][\/vc_row][vc_row][vc_column width=&#8221;1\/3&#8243;][vc_single_image image=&#8221;106&#8243; img_size=&#8221;200&#215;80&#8243;][\/vc_column][vc_column width=&#8221;2\/3&#8243; css=&#8221;.vc_custom_1603983764372{padding-right: 10% !important;padding-left: 10% !important;}&#8221;][vc_column_text el_class=&#8221;blocopartners&#8221;]Programme de la municipalit\u00e9 de Vila Nova de Famalic\u00e3o bas\u00e9 sur la mission de promouvoir un contexte municipal qui facilite l&#8217;initiative entrepreneuriale, Famalic\u00e3o Made IN vise \u00e0 am\u00e9liorer les performances \u00e9conomiques de la municipalit\u00e9, qui b\u00e9n\u00e9ficie du statut de troisi\u00e8me municipalit\u00e9 la plus exportatrice du Portugal.<\/p>\n<p>Valoriser et promouvoir la g\u00e9n\u00e9tique entrepreneuriale, attirer de nouveaux investissements et accompagner les entrepreneurs et entrepreneurs dans le d\u00e9veloppement de projets d&#8217;entreprise sont les principaux objectifs de Famalic\u00e3o Made IN.[\/vc_column_text][vc_btn title=&#8221;Voir le site&#8221; style=&#8221;outline&#8221; shape=&#8221;square&#8221; color=&#8221;info&#8221; size=&#8221;sm&#8221; css=&#8221;.vc_custom_1607186134464{padding-top: 30px !important;}&#8221; link=&#8221;url:https%3A%2F%2Fwww.famalicaomadein.pt%2F|target:_blank&#8221;][\/vc_column][\/vc_row][vc_row][vc_column][vc_separator color=&#8221;black&#8221;][\/vc_column][\/vc_row][vc_row][vc_column width=&#8221;1\/3&#8243;][vc_single_image image=&#8221;102&#8243; img_size=&#8221;200&#215;80&#8243;][\/vc_column][vc_column width=&#8221;2\/3&#8243; css=&#8221;.vc_custom_1603983764372{padding-right: 10% !important;padding-left: 10% !important;}&#8221;][vc_column_text el_class=&#8221;blocopartners&#8221;]L`Union des Industries Textile Sud (UIT Sud) rassemble et repr\u00e9sente les entreprises de la fili\u00e8re textile du Sud-Ouest (Occitanie et Nouvell e Aquitaine). Elle agit en tant que porte-parol e des entreprises aupr\u00e8s des instances publiques, r\u00e9gionales er d`Etat, pour d\u00e9fendre les int\u00e9r\u00eats de la profession, pour coordonner un r\u00e9seau de d\u00e9veloppement entrepreneurial au service des chefs d`entreprises et de leurs \u00e9quipes, pour informer les entreprises des actualit\u00e9s professionnelles de tout\u00a0 ordre, pour impulser des projets collectifs et individuels pour dynamiser da fili\u00e8re textile r\u00e9gionale.[\/vc_column_text][vc_btn title=&#8221;Voir le site&#8221; style=&#8221;outline&#8221; shape=&#8221;square&#8221; color=&#8221;info&#8221; size=&#8221;sm&#8221; css=&#8221;.vc_custom_1607185663925{padding-top: 30px !important;}&#8221; link=&#8221;url:http%3A%2F%2Fwww.textilesud.fr%2Ffr%2F|target:_blank&#8221;][\/vc_column][\/vc_row][vc_row][vc_column][vc_column_text el_class=&#8221;textoborder&#8221;]<\/p>\n<h1><strong>Partenaires associ\u00e9s<\/strong><\/h1>\n<p>[\/vc_column_text][vc_raw_html]JTNDaHIlMjBjbGFzcyUzRCUyMmJhcnJhJTIyJTNF[\/vc_raw_html][\/vc_column][\/vc_row][vc_row css=&#8221;.vc_custom_1603985197108{margin-top: 30px !important;}&#8221;][vc_column width=&#8221;1\/2&#8243;][vc_single_image image=&#8221;100&#8243; img_size=&#8221;200&#215;80&#8243;][vc_column_text el_class=&#8221;blocopartners&#8221;]La Commission de d\u00e9veloppement r\u00e9gional et de coordination du Nord (CCDR-N) est un service de l&#8217;administration directe de l&#8217;\u00c9tat, dot\u00e9 de l&#8217;autonomie administrative et financi\u00e8re, dont la direction est exerc\u00e9e par le ministre de la Coh\u00e9sion territoriale, en coordination avec le ministre de la modernisation de l&#8217;\u00c9tat et Administration publique, pour les questions relatives aux collectivit\u00e9s locales, et avec le Ministre de l&#8217;environnement et de l&#8217;action pour le climat, en mati\u00e8re d&#8217;environnement et d&#8217;am\u00e9nagement du territoire. <strong>Cette institution publique vise le d\u00e9veloppement int\u00e9gr\u00e9 et durable du nord du Portugal, contribuant \u00e0 la comp\u00e9titivit\u00e9 et \u00e0 la coh\u00e9sion du territoire national.<\/strong>[\/vc_column_text][vc_btn title=&#8221;Voir le site&#8221; style=&#8221;outline&#8221; shape=&#8221;square&#8221; color=&#8221;info&#8221; size=&#8221;sm&#8221; css=&#8221;.vc_custom_1607185675547{padding-top: 30px !important;}&#8221; link=&#8221;url:https%3A%2F%2Fwww.ccdr-n.pt%2F|target:_blank&#8221;][\/vc_column][vc_column width=&#8221;1\/2&#8243;][vc_single_image image=&#8221;1104&#8243; img_size=&#8221;200&#215;80&#8243;][vc_column_text el_class=&#8221;blocopartners&#8221;]La Direction de l&#8217;Innovation et des Nouvelles Technologies de la Mairie d&#8217;Alcoy est charg\u00e9e de:<\/p>\n<p>Promouvoir la ville comme si\u00e8ge et origine des entreprises li\u00e9es \u00e0 l&#8217;innovation et aux nouvelles technologies, afin de g\u00e9n\u00e9rer des emplois.<br \/>\nFaciliter la participation et la collaboration avec tous les agents de la commune impliqu\u00e9s dans l&#8217;innovation.<br \/>\nDiffuser la cr\u00e9ativit\u00e9 et l&#8217;innovation pour la gestion des organismes publics municipaux, des entrepreneurs et des entreprises, ainsi que pour la gestion et l&#8217;administration d&#8217;espaces pour la promotion des entreprises et des activit\u00e9s innovantes et l&#8217;utilisation des nouvelles technologies.[\/vc_column_text][vc_btn title=&#8221;Voir le site&#8221; style=&#8221;outline&#8221; shape=&#8221;square&#8221; color=&#8221;info&#8221; size=&#8221;sm&#8221; css=&#8221;.vc_custom_1611613593757{padding-top: 30px !important;}&#8221; link=&#8221;url:https%3A%2F%2Fwww.alcoi.org%2F|target:_blank&#8221;][\/vc_column][\/vc_row]<\/p>\n<\/section>","protected":false},"excerpt":{"rendered":"<p>[vc_row full_width=&#8221;stretch_row&#8221; content_placement=&#8221;middle&#8221; css=&#8221;.vc_custom_1611620161456{margin-top: -60px !important;background-image: url(https:\/\/digitvc.eu\/wp-content\/uploads\/2020\/10\/destaque-projetos.jpg?id=618) !important;background-position: center !important;background-repeat: no-repeat !important;background-size: cover !important;}&#8221;][vc_column][vc_column_text css=&#8221;.vc_custom_1604016058948{padding-top:&#8230;<\/p>\n","protected":false},"author":1,"featured_media":0,"parent":0,"menu_order":0,"comment_status":"closed","ping_status":"closed","template":"","meta":{"_seopress_robots_primary_cat":"","_seopress_titles_title":"","_seopress_titles_desc":"","_seopress_robots_index":""},"_links":{"self":[{"href":"https:\/\/digitvc.eu\/fr\/wp-json\/wp\/v2\/pages\/615"}],"collection":[{"href":"https:\/\/digitvc.eu\/fr\/wp-json\/wp\/v2\/pages"}],"about":[{"href":"https:\/\/digitvc.eu\/fr\/wp-json\/wp\/v2\/types\/page"}],"author":[{"embeddable":true,"href":"https:\/\/digitvc.eu\/fr\/wp-json\/wp\/v2\/users\/1"}],"replies":[{"embeddable":true,"href":"https:\/\/digitvc.eu\/fr\/wp-json\/wp\/v2\/comments?post=615"}],"version-history":[{"count":14,"href":"https:\/\/digitvc.eu\/fr\/wp-json\/wp\/v2\/pages\/615\/revisions"}],"predecessor-version":[{"id":1300,"href":"https:\/\/digitvc.eu\/fr\/wp-json\/wp\/v2\/pages\/615\/revisions\/1300"}],"wp:attachment":[{"href":"https:\/\/digitvc.eu\/fr\/wp-json\/wp\/v2\/media?parent=615"}],"curies":[{"name":"wp","href":"https:\/\/api.w.org\/{rel}","templated":true}]}}