{"id":1312,"date":"2021-01-26T00:29:52","date_gmt":"2021-01-26T00:29:52","guid":{"rendered":"https:\/\/digitvc.eu\/?page_id=1312"},"modified":"2021-01-26T00:39:36","modified_gmt":"2021-01-26T00:39:36","slug":"politique-de-confidentialite","status":"publish","type":"page","link":"https:\/\/digitvc.eu\/fr\/politique-de-confidentialite\/","title":{"rendered":"Politique de confidentialit\u00e9"},"content":{"rendered":"<section class=\"wpb-content-wrapper\"><p>[vc_row full_width=&#8221;stretch_row&#8221; content_placement=&#8221;middle&#8221; css=&#8221;.vc_custom_1611618686053{margin-top: -60px !important;background-image: url(https:\/\/digitvc.eu\/wp-content\/uploads\/2020\/10\/destaque-projetos.jpg?id=129) !important;background-position: center !important;background-repeat: no-repeat !important;background-size: cover !important;}&#8221;][vc_column][vc_column_text css=&#8221;.vc_custom_1611621065746{padding-top: 10% !important;}&#8221; el_class=&#8221;laranja&#8221;]<\/p>\n<h1 style=\"text-align: center;\"><strong>Politique de confidentialit\u00e9<\/strong><\/h1>\n<p>[\/vc_column_text][vc_icon type=&#8221;typicons&#8221; icon_typicons=&#8221;typcn typcn-arrow-down&#8221; color=&#8221;custom&#8221; size=&#8221;lg&#8221; align=&#8221;center&#8221; css_animation=&#8221;top-to-bottom&#8221; custom_color=&#8221;#1cb8cf&#8221; css=&#8221;.vc_custom_1603989944303{padding-bottom: 5% !important;}&#8221;][\/vc_column][\/vc_row][vc_row][vc_column][vc_column_text]<strong>Bienvenue dans la politique de confidentialit\u00e9 sur www.digitvc.eu<\/strong><\/p>\n<p>La politique de confidentialit\u00e9 d\u00e9crite ci-dessous vous offre un aper\u00e7u de la mani\u00e8re dont nous traitons vos donn\u00e9es et vos droits en la mati\u00e8re, conform\u00e9ment aux dispositions du r\u00e8glement (UE) 2016\/679 du Parlement europ\u00e9en et du Conseil &#8211; R\u00e8glement g\u00e9n\u00e9ral sur la protection des donn\u00e9es (RGPD) &#8211; et d&#8217;autres lois applicables en mati\u00e8re de confidentialit\u00e9 et de protection des donn\u00e9es, y compris la l\u00e9gislation locale qui compl\u00e8te le RGPD. Les donn\u00e9es sp\u00e9cifiques qui seront trait\u00e9es, trait\u00e9es et la mani\u00e8re dont elles seront utilis\u00e9es d\u00e9pendent dans une large mesure des services que vous avez demand\u00e9s et convenus avec vous.<\/p>\n<p><strong>1. Qui est responsable du traitement des donn\u00e9es et qui puis-je contacter?<\/strong><\/p>\n<p>L&#8217;entit\u00e9 responsable du traitement des donn\u00e9es personnelles est:<\/p>\n<p>Municipalit\u00e9 de Vila Nova de Famalic\u00e3o<br \/>\nPlace Alvaro Marques<br \/>\n4764-502 Vila Nova de Famalic\u00e3o<br \/>\nind\u00e9fini<\/p>\n<p>Vous pouvez contacter notre d\u00e9l\u00e9gu\u00e9 \u00e0 la protection des donn\u00e9es au:<\/p>\n<p>Municipalit\u00e9 de Vila Nova de Famalic\u00e3o<br \/>\nPlace Alvaro Marques<br \/>\n4764-502 Vila Nova de Famalic\u00e3o<br \/>\nind\u00e9fini<\/p>\n<p><strong>2 &#8211; Quelles informations collectons-nous?<\/strong><\/p>\n<p>Nous avons essay\u00e9 de garder le processus aussi simple que possible, mais si vous n&#8217;\u00eates pas familier avec des termes tels que cookies, adresses IP, javascript et navigateurs, vous pouvez lire une explication de certains de ces sujets sur google ici.<\/p>\n<p>Nous pouvons stocker diff\u00e9rents types d&#8217;informations en fonction des fonctionnalit\u00e9s que nous avons l&#8217;intention de fournir:<\/p>\n<p>Informations fournies par l&#8217;utilisateur<br \/>\nInformation de Lieu<br \/>\nStockage local<br \/>\nCookies et technologies similaires.<br \/>\nL&#8217;utilisation de Cookies sur le site www.digitvc.eu et ses fonctionnalit\u00e9s<br \/>\nCookies permanents: ce sont des cookies qui sont stock\u00e9s au niveau du navigateur sur vos appareils d&#8217;acc\u00e8s (PC, mobile et tablette) et qui sont utilis\u00e9s chaque fois que vous effectuez une nouvelle visite sur l&#8217;un de nos sites Web. Ils sont g\u00e9n\u00e9ralement utilis\u00e9s pour diriger la navigation vers les int\u00e9r\u00eats de l&#8217;utilisateur, nous permettant de fournir un service plus personnalis\u00e9.<\/p>\n<p>Cookies de session: sont des cookies temporaires qui restent dans le fichier cookie de votre navigateur jusqu&#8217;\u00e0 ce que vous quittiez le site Web. Les informations obtenues par ces cookies sont utilis\u00e9es pour analyser les mod\u00e8les de trafic sur le Web, nous permettant d&#8217;identifier les probl\u00e8mes et de fournir une meilleure exp\u00e9rience de navigation.<\/p>\n<p>Cookies strictement n\u00e9cessaires Vous permettent de naviguer sur le site et d&#8217;utiliser vos applications, ainsi que d&#8217;acc\u00e9der \u00e0 des zones s\u00e9curis\u00e9es du site. Sans ces cookies, les services que vous avez demand\u00e9s ne peuvent pas \u00eatre fournis.<\/p>\n<p>Cookies analytiques Ils sont utilis\u00e9s de mani\u00e8re anonyme dans le but de cr\u00e9er et d&#8217;analyser des statistiques, afin d&#8217;am\u00e9liorer le fonctionnement du site Web.<\/p>\n<p>Cookies de fonctionnalit\u00e9 Conservez les pr\u00e9f\u00e9rences de l&#8217;utilisateur concernant l&#8217;utilisation du site Web, de sorte qu&#8217;il ne soit pas n\u00e9cessaire de configurer \u00e0 nouveau le site Web \u00e0 chaque fois que vous le visitez.<\/p>\n<p>Cookies tiers Mesurent le succ\u00e8s des applications et l&#8217;efficacit\u00e9 de la publicit\u00e9 de tiers. Ils peuvent \u00e9galement \u00eatre utilis\u00e9s pour personnaliser un widget avec des donn\u00e9es utilisateur.<\/p>\n<p>Cookies publicitaires Cibler la publicit\u00e9 en fonction des int\u00e9r\u00eats de chaque utilisateur, afin de cibler les campagnes publicitaires en tenant compte des go\u00fbts des utilisateurs, et en plus, ils limitent le nombre de fois o\u00f9 vous voyez l&#8217;annonce, aidant \u00e0 mesurer l&#8217;efficacit\u00e9 de la publicit\u00e9 et le succ\u00e8s de l&#8217;organisation du site Web.<\/p>\n<p><strong>3 &#8211; Comment g\u00e9rer les cookies?<\/strong><\/p>\n<p>Tous les navigateurs permettent \u00e0 l&#8217;utilisateur d&#8217;accepter, de refuser ou de supprimer les cookies, notamment en s\u00e9lectionnant les param\u00e8tres appropri\u00e9s dans le navigateur respectif. Vous pouvez configurer les cookies dans le menu \u00aboptions\u00bb ou \u00abpr\u00e9f\u00e9rences\u00bb de votre navigateur.<\/p>\n<p>Notez cependant qu&#8217;en d\u00e9sactivant les cookies, vous pouvez emp\u00eacher certains services du site www.digitvc.eu de fonctionner correctement, affectant, partiellement ou totalement, la navigation sur le site.<\/p>\n<p><strong>4. Qui a acc\u00e8s \u00e0 mes donn\u00e9es?<\/strong><\/p>\n<p>Les donn\u00e9es que vous fournissez sur le site www.digitvc.eu ne seront accessibles que par le personnel directement \u00e0 la soci\u00e9t\u00e9 MUNIC\u00cdPIO DE VILA NOVA DE FAMALIC\u00c3O et uniquement \u00e0 des fins sp\u00e9cifiques d&#8217;utilisation.<\/p>\n<p><strong>5 &#8211; Phishing<\/strong><\/p>\n<p>\u00abPhishing\u00bb est une comp\u00e9tence cr\u00e9\u00e9e pour voler vos informations personnelles. sur www.digitvc.eu vous ne demanderez jamais votre nom d&#8217;utilisateur et mot de passe, votre num\u00e9ro de carte de cr\u00e9dit ou d&#8217;autres informations personnelles par e-mail. Par cons\u00e9quent, si vous recevez un e-mail qui semble \u00eatre de notre part vous demandant de fournir des informations personnelles, ne r\u00e9pondez pas et contactez imm\u00e9diatement l&#8217;administrateur du site www.digitvc.eu.<\/p>\n<p><strong>6 &#8211; Droit \u00e0 l&#8217;oubli<\/strong><\/p>\n<p>Comment puis-je supprimer des informations sur mon compte sur www.digitvc.eu? Envoyez un email \u00e0 l&#8217;administrateur du site www.digitvc.eu en indiquant votre nom d&#8217;utilisateur et en lui communiquant votre intention de supprimer d\u00e9finitivement votre compte de notre base de donn\u00e9es. Plus tard, vous recevrez un e-mail de notre part pour valider cette intention, et \u00e0 la fin du processus, vous recevrez un e-mail vous informant de la suppression d\u00e9finitive de votre compte.<\/p>\n<p>7. Modifications de la politique de confidentialit\u00e9<\/p>\n<p>MUNICIPALIT\u00c9 DE VILA NOVA DE FAMALIC\u00c3O peut modifier cette politique de confidentialit\u00e9 \u00e0 tout moment et sans pr\u00e9avis. Les modifications seront d\u00fbment publi\u00e9es sur www.digitvc.eu.[\/vc_column_text][\/vc_column][\/vc_row]<\/p>\n<\/section>","protected":false},"excerpt":{"rendered":"<p>[vc_row full_width=&#8221;stretch_row&#8221; content_placement=&#8221;middle&#8221; css=&#8221;.vc_custom_1611618686053{margin-top: -60px !important;background-image: url(https:\/\/digitvc.eu\/wp-content\/uploads\/2020\/10\/destaque-projetos.jpg?id=129) !important;background-position: center !important;background-repeat: no-repeat !important;background-size: cover !important;}&#8221;][vc_column][vc_column_text css=&#8221;.vc_custom_1611621065746{padding-top:&#8230;<\/p>\n","protected":false},"author":1,"featured_media":0,"parent":0,"menu_order":0,"comment_status":"closed","ping_status":"closed","template":"","meta":{"_seopress_robots_primary_cat":"","_seopress_titles_title":"","_seopress_titles_desc":"","_seopress_robots_index":""},"_links":{"self":[{"href":"https:\/\/digitvc.eu\/fr\/wp-json\/wp\/v2\/pages\/1312"}],"collection":[{"href":"https:\/\/digitvc.eu\/fr\/wp-json\/wp\/v2\/pages"}],"about":[{"href":"https:\/\/digitvc.eu\/fr\/wp-json\/wp\/v2\/types\/page"}],"author":[{"embeddable":true,"href":"https:\/\/digitvc.eu\/fr\/wp-json\/wp\/v2\/users\/1"}],"replies":[{"embeddable":true,"href":"https:\/\/digitvc.eu\/fr\/wp-json\/wp\/v2\/comments?post=1312"}],"version-history":[{"count":4,"href":"https:\/\/digitvc.eu\/fr\/wp-json\/wp\/v2\/pages\/1312\/revisions"}],"predecessor-version":[{"id":1323,"href":"https:\/\/digitvc.eu\/fr\/wp-json\/wp\/v2\/pages\/1312\/revisions\/1323"}],"wp:attachment":[{"href":"https:\/\/digitvc.eu\/fr\/wp-json\/wp\/v2\/media?parent=1312"}],"curies":[{"name":"wp","href":"https:\/\/api.w.org\/{rel}","templated":true}]}}