{"id":652,"date":"2020-10-20T22:00:43","date_gmt":"2020-10-20T22:00:43","guid":{"rendered":"https:\/\/digitvc.eu\/website\/projeto\/"},"modified":"2021-04-13T09:14:15","modified_gmt":"2021-04-13T09:14:15","slug":"proyecto","status":"publish","type":"page","link":"https:\/\/digitvc.eu\/es\/proyecto\/","title":{"rendered":"Proyecto"},"content":{"rendered":"<section class=\"wpb-content-wrapper\"><p>[vc_row full_width=&#8221;stretch_row&#8221; content_placement=&#8221;middle&#8221; css=&#8221;.vc_custom_1611620331719{margin-top: -60px !important;background-image: url(https:\/\/digitvc.eu\/wp-content\/uploads\/2020\/10\/destaque-projetos.jpg?id=653) !important;background-position: center !important;background-repeat: no-repeat !important;background-size: cover !important;}&#8221;][vc_column][vc_column_text css=&#8221;.vc_custom_1604016680564{padding-top: 10% !important;}&#8221; el_class=&#8221;laranja&#8221;]<\/p>\n<h1 style=\"text-align: center;\"><strong>Proyecto<\/strong><\/h1>\n<p>[\/vc_column_text][vc_icon type=&#8221;typicons&#8221; icon_typicons=&#8221;typcn typcn-arrow-down&#8221; color=&#8221;custom&#8221; size=&#8221;lg&#8221; align=&#8221;center&#8221; css_animation=&#8221;top-to-bottom&#8221; custom_color=&#8221;#1cb8cf&#8221; css=&#8221;.vc_custom_1603989967575{padding-bottom: 5% !important;}&#8221;][\/vc_column][\/vc_row][vc_row full_width=&#8221;stretch_row_content_no_spaces&#8221; content_placement=&#8221;middle&#8221;][vc_column width=&#8221;1\/2&#8243;][vc_single_image image=&#8221;148&#8243; img_size=&#8221;full&#8221; css=&#8221;.vc_custom_1603974303947{padding-top: 5% !important;padding-right: 5% !important;}&#8221;][\/vc_column][vc_column width=&#8221;1\/2&#8243;][vc_column_text el_class=&#8221;bloco&#8221;]<\/p>\n<h1><strong>Descripci\u00f3n<\/strong><\/h1>\n<p>&nbsp;<\/p>\n<p><span class=\"tlid-translation translation\" lang=\"es\"><span class=\"\" title=\"\">En un entorno cada vez m\u00e1s especializado e hiperconectado, las pymes del sector textil, dentro de la regi\u00f3n SUDOE, necesitan r\u00e1pidamente digitalizarse para seguir siendo competitivas, adapt\u00e1ndose a los nuevos requisitos del sector como trazabilidad, personalizaci\u00f3n, sostenibilidad, entre otros, adem\u00e1s de conectar<\/span> <span title=\"\">a toda la cadena de valor con miras a una mayor eficiencia y productividad.<\/span><\/span><\/p>\n<p><span class=\"\" title=\"\">DigiTVC se enfoca en apoyar a las pymes a trav\u00e9s de un diagn\u00f3stico para la digitalizaci\u00f3n seguido de 3 pilotos con empresas textiles y startups.<\/span> <span class=\"\" title=\"\">Los resultados se sistematizar\u00e1n en un protocolo que permitir\u00e1 a otras empresas dise\u00f1ar su estrategia de digitalizaci\u00f3n utilizando las tecnolog\u00edas m\u00e1s adecuadas.<\/span><\/p>\n<p><span class=\"\" title=\"\">La sostenibilidad del proyecto est\u00e1 en l\u00ednea con las necesidades de digitalizaci\u00f3n de la cadena de valor textil, y estar\u00e1 garantizada por el desarrollo del protocolo para la<\/span><br \/>\n<span class=\"\" title=\"\">digitalizaci\u00f3n, que ser\u00e1 proporcionada por expertos debidamente acreditados por organismos regionales.<\/span>[\/vc_column_text][\/vc_column][\/vc_row][vc_row full_width=&#8221;stretch_row_content_no_spaces&#8221; content_placement=&#8221;middle&#8221;][vc_column width=&#8221;1\/2&#8243; el_class=&#8221;.vc_col-sm-push-6&#8243;][vc_single_image image=&#8221;167&#8243; img_size=&#8221;full&#8221; alignment=&#8221;right&#8221; css=&#8221;.vc_custom_1604063243077{padding-top: 5% !important;padding-left: 5% !important;}&#8221;][\/vc_column][vc_column width=&#8221;1\/2&#8243; el_class=&#8221;.vc_col-sm-pull-6&#8243;][vc_column_text el_class=&#8221;bloco&#8221;]<\/p>\n<h1><strong>Metas<\/strong><\/h1>\n<p>&nbsp;<\/p>\n<p>El principal objetivo de este proyecto es mejorar la competitividad de las empresas del sector textil y confecci\u00f3n de la regi\u00f3n SUDOE, mediante la digitalizaci\u00f3n de sus procesos productivos. Para conseguir este objetivo, la colaboraci\u00f3n de organizaciones y con conocimientos complementarios (centros tecnol\u00f3gicos, asociaciones empresariales, organismos p\u00fablicos de competitividad y empresas) supondr\u00e1 una mejora en el entorno de las empresas en el Espacio SUDOE, objetivo espec\u00edfico de este programa.<\/p>\n<ul>\n<li><strong>Evaluar el estado de la situaci\u00f3n y definir la mejor estrategia para digitalizar la industria textil.<\/strong><\/li>\n<li><strong>Probar y validar el proceso de digitalizaci\u00f3n de la cadena de valor textil y confecci\u00f3n a trav\u00e9s de proyectos piloto.<\/strong><\/li>\n<li><strong>Elaborar un protocolo de digitalizaci\u00f3n para la industria textil y de la confecci\u00f3n.<\/strong><\/li>\n<\/ul>\n<p>[\/vc_column_text][\/vc_column][\/vc_row][vc_row full_width=&#8221;stretch_row_content_no_spaces&#8221; content_placement=&#8221;middle&#8221;][vc_column width=&#8221;1\/2&#8243;][vc_single_image image=&#8221;200&#8243; img_size=&#8221;full&#8221; css=&#8221;.vc_custom_1603974767563{padding-top: 5% !important;padding-right: 5% !important;}&#8221;][\/vc_column][vc_column width=&#8221;1\/2&#8243;][vc_column_text el_class=&#8221;bloco&#8221;]<\/p>\n<h1><strong>Resultados previstos<\/strong><\/h1>\n<p>&nbsp;<\/p>\n<p>Promover la <strong>adopci\u00f3n de tecnolog\u00edas digitales por parte de las empresas textiles<\/strong> con el fin de mejorar su competitividad y dotarlas de las herramientas necesarias para crear su propia estrategia digital;<\/p>\n<p><strong>Desarrollar proyectos piloto en los tres principales segmentos textiles<\/strong> (moda, textiles para el hogar y textiles t\u00e9cnicos) para validar un protocolo de acci\u00f3n replicable;<\/p>\n<p><strong>Acercar las startups tecnol\u00f3gicas a las necesidades del sector<\/strong>, promoviendo soluciones conjuntas;<\/p>\n<p><strong>Formar especialistas en el protocolo de digitalizaci\u00f3n textil<\/strong> e incluir la acreditaci\u00f3n de agentes p\u00fablicos (Agencias de Competitividad, Municipios)<br \/>\na trav\u00e9s de sus programas de apoyo a las PYME.[\/vc_column_text][\/vc_column][\/vc_row][vc_row full_width=&#8221;stretch_row_content&#8221; css=&#8221;.vc_custom_1617878144655{margin-top: 10% !important;margin-bottom: -70px !important;padding-top: 5% !important;padding-bottom: 5% !important;background-color: #1d2241 !important;}&#8221; el_id=&#8221;contact&#8221;][vc_column css=&#8221;.vc_custom_1603990215964{padding-top: 5% !important;padding-bottom: 5% !important;}&#8221;][vc_icon type=&#8221;entypo&#8221; icon_entypo=&#8221;entypo-icon entypo-icon-share&#8221; color=&#8221;white&#8221; size=&#8221;lg&#8221; align=&#8221;center&#8221;][vc_row_inner][vc_column_inner width=&#8221;1\/4&#8243;][\/vc_column_inner][vc_column_inner width=&#8221;1\/2&#8243;][vc_column_text el_class=&#8221;ctawht&#8221;]<\/p>\n<h2 style=\"text-align: center;\">S\u00famate al ecosistema DigiTVC para la digitalizaci\u00f3n del sector textil.<\/h2>\n<p>[\/vc_column_text][\/vc_column_inner][vc_column_inner width=&#8221;1\/4&#8243;][\/vc_column_inner][\/vc_row_inner][vc_btn title=&#8221;Somos una empresa textil&#8221; shape=&#8221;round&#8221; color=&#8221;white&#8221; size=&#8221;lg&#8221; align=&#8221;center&#8221; link=&#8221;url:https%3A%2F%2Fdigitvc.eu%2Fen%2Fregistration%2F&#8221; el_class=&#8221;cordigi&#8221;][vc_btn title=&#8221;Somos una startup o un proveedor tecnol\u00f3gico&#8221; shape=&#8221;round&#8221; color=&#8221;danger&#8221; size=&#8221;lg&#8221; align=&#8221;center&#8221; link=&#8221;url:https%3A%2F%2Fdigitvc.eu%2Fen%2Fproviders-registration%2F&#8221; el_class=&#8221;cordigi&#8221;][\/vc_column][\/vc_row]<\/p>\n<\/section>","protected":false},"excerpt":{"rendered":"<p>[vc_row full_width=&#8221;stretch_row&#8221; content_placement=&#8221;middle&#8221; css=&#8221;.vc_custom_1611620331719{margin-top: -60px !important;background-image: url(https:\/\/digitvc.eu\/wp-content\/uploads\/2020\/10\/destaque-projetos.jpg?id=653) !important;background-position: center !important;background-repeat: no-repeat !important;background-size: cover !important;}&#8221;][vc_column][vc_column_text css=&#8221;.vc_custom_1604016680564{padding-top:&#8230;<\/p>\n","protected":false},"author":1,"featured_media":0,"parent":0,"menu_order":0,"comment_status":"closed","ping_status":"closed","template":"templates\/full-width-page.php","meta":{"_seopress_robots_primary_cat":"","_seopress_titles_title":"","_seopress_titles_desc":"","_seopress_robots_index":""},"_links":{"self":[{"href":"https:\/\/digitvc.eu\/es\/wp-json\/wp\/v2\/pages\/652"}],"collection":[{"href":"https:\/\/digitvc.eu\/es\/wp-json\/wp\/v2\/pages"}],"about":[{"href":"https:\/\/digitvc.eu\/es\/wp-json\/wp\/v2\/types\/page"}],"author":[{"embeddable":true,"href":"https:\/\/digitvc.eu\/es\/wp-json\/wp\/v2\/users\/1"}],"replies":[{"embeddable":true,"href":"https:\/\/digitvc.eu\/es\/wp-json\/wp\/v2\/comments?post=652"}],"version-history":[{"count":10,"href":"https:\/\/digitvc.eu\/es\/wp-json\/wp\/v2\/pages\/652\/revisions"}],"predecessor-version":[{"id":1718,"href":"https:\/\/digitvc.eu\/es\/wp-json\/wp\/v2\/pages\/652\/revisions\/1718"}],"wp:attachment":[{"href":"https:\/\/digitvc.eu\/es\/wp-json\/wp\/v2\/media?parent=652"}],"curies":[{"name":"wp","href":"https:\/\/api.w.org\/{rel}","templated":true}]}}