{"id":650,"date":"2020-10-20T22:00:58","date_gmt":"2020-10-20T22:00:58","guid":{"rendered":"https:\/\/digitvc.eu\/website\/parceiros\/"},"modified":"2021-01-26T00:19:11","modified_gmt":"2021-01-26T00:19:11","slug":"socios","status":"publish","type":"page","link":"https:\/\/digitvc.eu\/es\/socios\/","title":{"rendered":"Socios"},"content":{"rendered":"<section class=\"wpb-content-wrapper\"><p>[vc_row full_width=&#8221;stretch_row&#8221; content_placement=&#8221;middle&#8221; css=&#8221;.vc_custom_1611620352889{margin-top: -60px !important;background-image: url(https:\/\/digitvc.eu\/wp-content\/uploads\/2020\/10\/destaque-projetos.jpg?id=653) !important;background-position: center !important;background-repeat: no-repeat !important;background-size: cover !important;}&#8221;][vc_column][vc_column_text css=&#8221;.vc_custom_1604016522409{padding-top: 10% !important;}&#8221; el_class=&#8221;laranja&#8221;]<\/p>\n<h1 style=\"text-align: center;\"><strong>Socios<\/strong><\/h1>\n<p>[\/vc_column_text][vc_icon type=&#8221;typicons&#8221; icon_typicons=&#8221;typcn typcn-arrow-down&#8221; color=&#8221;custom&#8221; size=&#8221;lg&#8221; align=&#8221;center&#8221; css_animation=&#8221;top-to-bottom&#8221; custom_color=&#8221;#1cb8cf&#8221; css=&#8221;.vc_custom_1603989728464{padding-bottom: 5% !important;}&#8221;][\/vc_column][\/vc_row][vc_row][vc_column width=&#8221;1\/3&#8243;][vc_single_image image=&#8221;107&#8243; img_size=&#8221;200&#215;80&#8243;][\/vc_column][vc_column width=&#8221;2\/3&#8243; css=&#8221;.vc_custom_1603983764372{padding-right: 10% !important;padding-left: 10% !important;}&#8221;][vc_column_text el_class=&#8221;blocopartners&#8221;]<strong><i>TEXFOR &#8211; La Confederaci\u00f3n de la Industria Textil<\/i><\/strong>, es la asociaci\u00f3n empresarial textil de referencia. Nuestra organizaci\u00f3n representa y defiende el inter\u00e9s colectivo de las empresas textiles espa\u00f1olas que fabrican o comercializan hilados, tejidos, manufacturas y complementos textiles, acabados y\/o estampados, para los mercados del vestuario, del hogar y de usos t\u00e9cnicos e industriales. TEXFOR se constituy\u00f3 a finales de 2010 para dar una respuesta moderna e innovadora a la evoluci\u00f3n del sector en el escenario actual, dando prioridad a la optimizaci\u00f3n de los recursos y potencialidades disponibles en nuestro colectivo.<br \/>\n<strong><br \/>\nFinalidades de TEXFOR<\/strong>:<\/p>\n<p>&#8211; Representar el textil de cabecera ante las administraciones p\u00fablicas, sindicatos, organizaciones empresariales, medios de comunicaci\u00f3n y otras instituciones tanto nacionales como internacionales.<\/p>\n<p>&#8211; Dar servicio, facilitando prestaciones concretas y especializadas a los socios en los diferentes aspectos de la gesti\u00f3n empresarial.<\/p>\n<p><i>Texfor representa a 3.894 empresas, la gran mayor\u00eda pymes, las cuales dan ocupaci\u00f3n a 42.873 personas y alcanzan un cifra de negocio de 4755M\u20ac.<br \/>\n<\/i>[\/vc_column_text][vc_btn title=&#8221;Ver sitio&#8221; style=&#8221;outline&#8221; shape=&#8221;square&#8221; color=&#8221;info&#8221; size=&#8221;sm&#8221; css=&#8221;.vc_custom_1607355583224{padding-top: 30px !important;}&#8221; link=&#8221;url:http%3A%2F%2Fwww.texfor.es%2Fes%2F|target:_blank&#8221;][\/vc_column][\/vc_row][vc_row][vc_column][vc_separator color=&#8221;black&#8221;][\/vc_column][\/vc_row][vc_row][vc_column width=&#8221;1\/3&#8243;][vc_single_image image=&#8221;105&#8243; img_size=&#8221;200&#215;127&#8243;][\/vc_column][vc_column width=&#8221;2\/3&#8243; css=&#8221;.vc_custom_1603983764372{padding-right: 10% !important;padding-left: 10% !important;}&#8221;][vc_column_text el_class=&#8221;blocopartners&#8221;]ACCI\u00d3 es la agencia creada por la Generalitat de Catalunya para hacer la empresa catalana m\u00e1s competitiva a nivel mundial. Sus principales objetivos son impulsar la innovaci\u00f3n, la internacionalizaci\u00f3n y la atracci\u00f3n de inversi\u00f3n extranjera.<\/p>\n<p>ACCI\u00d3 est\u00e1 centrada en la empresa, trabajando en las necesidades de cada negocio de forma individual y trabajando en conjunto para buscar oportunidades y lograr esa importante ventaja competitiva. En ACCI\u00d3 creemos que esta ventaja puede surgir de trabajar en tres \u00e1reas vitales de la din\u00e1mica competitiva: <strong>* innovaci\u00f3n * internacionalizaci\u00f3n * atracci\u00f3n de inversiones<\/strong>[\/vc_column_text][vc_btn title=&#8221;Ver sitio&#8221; style=&#8221;outline&#8221; shape=&#8221;square&#8221; color=&#8221;info&#8221; size=&#8221;sm&#8221; css=&#8221;.vc_custom_1607355589678{padding-top: 30px !important;}&#8221; link=&#8221;url:https%3A%2F%2Fwww.accio.gencat.cat%2Fca%2Finici|target:_blank&#8221;][\/vc_column][\/vc_row][vc_row][vc_column][vc_separator color=&#8221;black&#8221;][\/vc_column][\/vc_row][vc_row][vc_column width=&#8221;1\/3&#8243;][vc_single_image image=&#8221;103&#8243; img_size=&#8221;200&#215;80&#8243;][\/vc_column][vc_column width=&#8221;2\/3&#8243; css=&#8221;.vc_custom_1603983764372{padding-right: 10% !important;padding-left: 10% !important;}&#8221;][vc_column_text el_class=&#8221;blocopartners&#8221;]Icam es un grupo de escuelas de ingenier\u00eda con sitios en Francia, India, Brasil, Ecuador, Camer\u00fan y \u00c1frica Central (12 sitios en total). Desde hace m\u00e1s de 100 a\u00f1os, esta instituci\u00f3n, fundada originalmente en Lille, ha estado formando ingenieros con la preocupaci\u00f3n constante de hacerlos responsables ante la sociedad.<\/p>\n<p>Desde su creaci\u00f3n por industriales del norte de Francia, el Icam ha mantenido fuertes v\u00ednculos con las empresas, especialmente a trav\u00e9s de su Departamento de Servicio a las Empresas. Este departamento ofrece a empresas, pymes, ETIs y grandes grupos, una amplia gama de servicios en diversos campos de especializaci\u00f3n (automatizaci\u00f3n, electr\u00f3nica, energ\u00eda, ingenier\u00eda el\u00e9ctrica, ingenier\u00eda industrial, inform\u00e1tica, materiales, mec\u00e1nica, rob\u00f3tica, digitalizaci\u00f3n &#8230;):<\/p>\n<ul>\n<li>Servicios de ingenier\u00eda: Innovaci\u00f3n (productos y procesos), M\u00e9todos y Organizaci\u00f3n Industrial, Sistemas de Informaci\u00f3n, Gesti\u00f3n y Ciencias Humanas.<\/li>\n<li>Auditor\u00eda &amp; Consultor\u00eda sobre las posibilidades de financiaci\u00f3n de servicios industriales: acceso al CIR, CII, financiaci\u00f3n de otros &#8230;<\/li>\n<\/ul>\n<p>Finalmente, Icam tambi\u00e9n est\u00e1 desarrollando una importante actividad investigadora, en particular en torno a las \u00e1reas de investigaci\u00f3n 3 &#8220;Transici\u00f3n social y tecnol\u00f3gica de las empresas&#8221;. Los proyectos de investigaci\u00f3n relacionados con estas \u00e1reas de investigaci\u00f3n se organizan en torno a dos \u00e1reas: &#8220;F\u00e1brica 4.0&#8221; y &#8220;\u00c9tica, Tecnolog\u00eda y Gobernanza&#8221;. Los proyectos tienen como objetivo no solo imaginar soluciones innovadoras para la producci\u00f3n industrial del ma\u00f1ana, sino tambi\u00e9n aportar elementos ricos y constructivos sobre el papel humano en esta F\u00e1brica 4.0.[\/vc_column_text][vc_btn title=&#8221;Ver sitio&#8221; style=&#8221;outline&#8221; shape=&#8221;square&#8221; color=&#8221;info&#8221; size=&#8221;sm&#8221; css=&#8221;.vc_custom_1611315783172{padding-top: 30px !important;}&#8221; link=&#8221;url:https%3A%2F%2Fwww.icam.fr%2F|target:_blank&#8221;][\/vc_column][\/vc_row][vc_row][vc_column][vc_separator color=&#8221;black&#8221;][\/vc_column][\/vc_row][vc_row][vc_column width=&#8221;1\/3&#8243;][vc_single_image image=&#8221;101&#8243; img_size=&#8221;200&#215;80&#8243;][\/vc_column][vc_column width=&#8221;2\/3&#8243; css=&#8221;.vc_custom_1603983764372{padding-right: 10% !important;padding-left: 10% !important;}&#8221;][vc_column_text el_class=&#8221;blocopartners&#8221;]CITEVE es un Centro Tecnol\u00f3gico, una organizaci\u00f3n privada sin fines de lucro, con sede en Vila Nova de Famalic\u00e3o y con delegaciones comerciales en Brasil, T\u00fanez, Argentina, Pakist\u00e1n, Chile y M\u00e9xico, que provee empresas del Sector Textil y Confecci\u00f3n, principalmente Pymes (90 %), una cartera de servicios que incluye <strong>pruebas de laboratorio, certificaci\u00f3n de productos, consultor\u00eda t\u00e9cnica y tecnol\u00f3gica, innovaci\u00f3n en I + D + i, formaci\u00f3n y moda y dise\u00f1o.<\/strong><\/p>\n<p>Como organizaci\u00f3n de referencia en el panorama nacional y europeo, en t\u00e9rminos de promover la innovaci\u00f3n y el desarrollo de la Industria Textil y de la Confecci\u00f3n, la misi\u00f3n de CITEVE es apoyar el desarrollo de capacidades t\u00e9cnicas y tecnol\u00f3gicas en las industrias textil y de la confecci\u00f3n, a trav\u00e9s de la promoci\u00f3n y difusi\u00f3n de la innovaci\u00f3n, promoci\u00f3n de la mejora de la calidad y apoyo instrumental para la definici\u00f3n de pol\u00edticas industriales para el sector.[\/vc_column_text][vc_btn title=&#8221;Ver sitio&#8221; style=&#8221;outline&#8221; shape=&#8221;square&#8221; color=&#8221;info&#8221; size=&#8221;sm&#8221; css=&#8221;.vc_custom_1607355601253{padding-top: 30px !important;}&#8221; link=&#8221;url:https%3A%2F%2Fwww.citeve.pt%2F|target:_blank&#8221;][\/vc_column][\/vc_row][vc_row][vc_column][vc_separator color=&#8221;black&#8221;][\/vc_column][\/vc_row][vc_row][vc_column width=&#8221;1\/3&#8243;][vc_single_image image=&#8221;1092&#8243; img_size=&#8221;200&#215;127&#8243;][\/vc_column][vc_column width=&#8221;2\/3&#8243; css=&#8221;.vc_custom_1603983764372{padding-right: 10% !important;padding-left: 10% !important;}&#8221;][vc_column_text el_class=&#8221;blocopartners&#8221;]La Asociaci\u00f3n de Investigaci\u00f3n de la Industria Textil &#8211; AITEX, es una asociaci\u00f3n de investigaci\u00f3n privada que <strong>realiza pruebas de caracterizaci\u00f3n y certificaci\u00f3n de materiales y art\u00edculos textiles<\/strong> para una amplia gama de sectores, que incluyen dise\u00f1o de interiores, moda, ropa de trabajo, salud, deporte y ocio, transporte terrestre y mar\u00edtimo, aeroespacial y superficies deportivas.<\/p>\n<p>El principal objetivo de AITEX es crear y transferir conocimiento sobre textiles al sector privado, haciendo m\u00e1s competitiva la industria textil y abriendo puertas a nuevas oportunidades con un factor de alto valor agregado. El Instituto promueve la modernizaci\u00f3n e introducci\u00f3n de tecnolog\u00edas emergentes a trav\u00e9s de sus actividades continuas de I + D y otros proyectos que contribuyen a la evoluci\u00f3n de la industria textil, y emite las certificaciones de producto m\u00e1s adecuadas para permitir que un art\u00edculo compita en el mercado. mercado internacional y facilitar su introducci\u00f3n en nichos de mercado de vanguardia.[\/vc_column_text][vc_btn title=&#8221;Ver sitio&#8221; style=&#8221;outline&#8221; shape=&#8221;square&#8221; color=&#8221;info&#8221; size=&#8221;sm&#8221; css=&#8221;.vc_custom_1607355607272{padding-top: 30px !important;}&#8221; link=&#8221;url:https%3A%2F%2Fwww.aitex.es%2F|target:_blank&#8221;][\/vc_column][\/vc_row][vc_row][vc_column][vc_separator color=&#8221;black&#8221;][\/vc_column][\/vc_row][vc_row][vc_column width=&#8221;1\/3&#8243;][vc_single_image image=&#8221;106&#8243; img_size=&#8221;200&#215;80&#8243;][\/vc_column][vc_column width=&#8221;2\/3&#8243; css=&#8221;.vc_custom_1603983764372{padding-right: 10% !important;padding-left: 10% !important;}&#8221;][vc_column_text el_class=&#8221;blocopartners&#8221;]Promoviendo la misi\u00f3n del Ayuntamiento de Vila Nova de Famalic\u00e3o como facilitador del emprendimiento, Famalic\u00e3o Made IN tiene como objetivo impulsar el desempe\u00f1o econ\u00f3mico de la ciudad, que goza del estatus de mayor exportador de la regi\u00f3n Norte y el tercero de Portugal. Sus objetivos espec\u00edficos son poner en valor y promover la gen\u00e9tica emprendedora, atraer nuevas inversiones y ayudar a los empresarios y emprendedores en el desarrollo de proyectos.[\/vc_column_text][vc_btn title=&#8221;Ver sitio&#8221; style=&#8221;outline&#8221; shape=&#8221;square&#8221; color=&#8221;info&#8221; size=&#8221;sm&#8221; css=&#8221;.vc_custom_1607355615039{padding-top: 30px !important;}&#8221;][\/vc_column][\/vc_row][vc_row][vc_column][vc_separator color=&#8221;black&#8221;][\/vc_column][\/vc_row][vc_row][vc_column width=&#8221;1\/3&#8243;][vc_single_image image=&#8221;102&#8243; img_size=&#8221;200&#215;80&#8243;][\/vc_column][vc_column width=&#8221;2\/3&#8243; css=&#8221;.vc_custom_1603983764372{padding-right: 10% !important;padding-left: 10% !important;}&#8221;][vc_column_text el_class=&#8221;blocopartners&#8221;]<span class=\"VIiyi\" lang=\"es\"><span class=\"JLqJ4b ChMk0b\" data-language-for-alternatives=\"es\" data-language-to-translate-into=\"auto\" data-phrase-index=\"0\">La Union des Industries Textile Sud (UIT Sud) agrupa y representa a empresas de la industria textil en el suroeste (Occitanie y Nouvell e Aquitaine).<\/span> <span class=\"JLqJ4b ChMk0b\" data-language-for-alternatives=\"es\" data-language-to-translate-into=\"auto\" data-phrase-index=\"1\">Act\u00faa como portavoz de las empresas con autoridades p\u00fablicas, regionales y estatales, para defender los intereses de la profesi\u00f3n, para coordinar una red de desarrollo empresarial al servicio de los l\u00edderes empresariales y sus equipos, para<\/span> <span class=\"JLqJ4b ChMk0b\" data-language-for-alternatives=\"es\" data-language-to-translate-into=\"auto\" data-phrase-index=\"2\">informar a las empresas de novedades profesionales de todo tipo, para estimular proyectos colectivos e individuales para dinamizar la industria textil regional.<\/span><\/span>[\/vc_column_text][vc_btn title=&#8221;Ver sitio&#8221; style=&#8221;outline&#8221; shape=&#8221;square&#8221; color=&#8221;info&#8221; size=&#8221;sm&#8221; css=&#8221;.vc_custom_1607355620270{padding-top: 30px !important;}&#8221; link=&#8221;url:http%3A%2F%2Fwww.textilesud.fr%2Ffr%2F|target:_blank&#8221;][\/vc_column][\/vc_row][vc_row][vc_column][vc_column_text el_class=&#8221;textoborder&#8221;]<\/p>\n<h1><strong>Socios colaboradore<\/strong><\/h1>\n<p>[\/vc_column_text][vc_raw_html]JTNDaHIlMjBjbGFzcyUzRCUyMmJhcnJhJTIyJTNF[\/vc_raw_html][\/vc_column][\/vc_row][vc_row css=&#8221;.vc_custom_1603985197108{margin-top: 30px !important;}&#8221;][vc_column width=&#8221;1\/2&#8243;][vc_single_image image=&#8221;100&#8243; img_size=&#8221;200&#215;80&#8243;][vc_column_text el_class=&#8221;blocopartners&#8221;]La Comisi\u00f3n de Coordinaci\u00f3n y Desarrollo Regional del Norte (CCDR-N) es un servicio de la administraci\u00f3n directa del Estado, dotado de autonom\u00eda administrativa y financiera, cuya direcci\u00f3n es ejercida por el Ministro de Cohesi\u00f3n Territorial, en coordinaci\u00f3n con el Ministro de Modernizaci\u00f3n del Estado y Administraciones P\u00fablicas, en materias relativas a las administraciones locales, y con el Ministerio de Medio Ambiente y Acci\u00f3n por el Clima, en materia de medio ambiente y ordenaci\u00f3n del territorio. <strong>Esta instituci\u00f3n p\u00fablica tiene como objetivo el desarrollo integrado y sostenible del Norte de Portugal, contribuyendo a la competitividad y cohesi\u00f3n del territorio nacional.<\/strong>[\/vc_column_text][vc_btn title=&#8221;Ver sitio&#8221; style=&#8221;outline&#8221; shape=&#8221;square&#8221; color=&#8221;info&#8221; size=&#8221;sm&#8221; css=&#8221;.vc_custom_1607355626878{padding-top: 30px !important;}&#8221; link=&#8221;url:https%3A%2F%2Fwww.ccdr-n.pt%2F|target:_blank&#8221;][\/vc_column][vc_column width=&#8221;1\/2&#8243;][vc_single_image image=&#8221;1106&#8243; img_size=&#8221;200&#215;80&#8243;][vc_column_text el_class=&#8221;blocopartners&#8221;]La regidoria d&#8217;Innovaci\u00f3 i Noves Tecnologies de l\u2019Ajuntament d\u2019Alcoi s\u2019encarrega de:<\/p>\n<p>Promoure la ciutat com a seu i origen d&#8217;empreses relacionades amb la innovaci\u00f3 i les noves tecnologies, a fi de generar ocupaci\u00f3.<br \/>\nPropiciar la participaci\u00f3 i la col\u00b7laboraci\u00f3 amb el conjunt d&#8217;agents que en el municipi estan implicats en la innovaci\u00f3.<br \/>\nDifondre la creativitat i la innovaci\u00f3 per a la gesti\u00f3 d&#8217;organismes p\u00fablics municipals, emprenedors i empreses, aix\u00ed com la gesti\u00f3 i administraci\u00f3 dels espais destinats a la promoci\u00f3 d&#8217;empreses i activitats innovadores i d&#8217;utilitzaci\u00f3 de noves tecnologies.[\/vc_column_text][vc_btn title=&#8221;Ver sitio&#8221; style=&#8221;outline&#8221; shape=&#8221;square&#8221; color=&#8221;info&#8221; size=&#8221;sm&#8221; css=&#8221;.vc_custom_1611613636273{padding-top: 30px !important;}&#8221; link=&#8221;url:https%3A%2F%2Fwww.alcoi.org%2F|target:_blank&#8221;][\/vc_column][\/vc_row]<\/p>\n<\/section>","protected":false},"excerpt":{"rendered":"<p>[vc_row full_width=&#8221;stretch_row&#8221; content_placement=&#8221;middle&#8221; css=&#8221;.vc_custom_1611620352889{margin-top: -60px !important;background-image: url(https:\/\/digitvc.eu\/wp-content\/uploads\/2020\/10\/destaque-projetos.jpg?id=653) !important;background-position: center !important;background-repeat: no-repeat !important;background-size: cover !important;}&#8221;][vc_column][vc_column_text css=&#8221;.vc_custom_1604016522409{padding-top:&#8230;<\/p>\n","protected":false},"author":1,"featured_media":0,"parent":0,"menu_order":0,"comment_status":"closed","ping_status":"closed","template":"","meta":{"_seopress_robots_primary_cat":"","_seopress_titles_title":"","_seopress_titles_desc":"","_seopress_robots_index":""},"_links":{"self":[{"href":"https:\/\/digitvc.eu\/es\/wp-json\/wp\/v2\/pages\/650"}],"collection":[{"href":"https:\/\/digitvc.eu\/es\/wp-json\/wp\/v2\/pages"}],"about":[{"href":"https:\/\/digitvc.eu\/es\/wp-json\/wp\/v2\/types\/page"}],"author":[{"embeddable":true,"href":"https:\/\/digitvc.eu\/es\/wp-json\/wp\/v2\/users\/1"}],"replies":[{"embeddable":true,"href":"https:\/\/digitvc.eu\/es\/wp-json\/wp\/v2\/comments?post=650"}],"version-history":[{"count":8,"href":"https:\/\/digitvc.eu\/es\/wp-json\/wp\/v2\/pages\/650\/revisions"}],"predecessor-version":[{"id":1305,"href":"https:\/\/digitvc.eu\/es\/wp-json\/wp\/v2\/pages\/650\/revisions\/1305"}],"wp:attachment":[{"href":"https:\/\/digitvc.eu\/es\/wp-json\/wp\/v2\/media?parent=650"}],"curies":[{"name":"wp","href":"https:\/\/api.w.org\/{rel}","templated":true}]}}