{"id":1317,"date":"2021-01-26T00:35:54","date_gmt":"2021-01-26T00:35:54","guid":{"rendered":"https:\/\/digitvc.eu\/?page_id=1317"},"modified":"2021-01-26T00:38:16","modified_gmt":"2021-01-26T00:38:16","slug":"politica-de-privacidad","status":"publish","type":"page","link":"https:\/\/digitvc.eu\/es\/politica-de-privacidad\/","title":{"rendered":"Pol\u00edtica de privacidad"},"content":{"rendered":"<section class=\"wpb-content-wrapper\"><p>[vc_row full_width=&#8221;stretch_row&#8221; content_placement=&#8221;middle&#8221; css=&#8221;.vc_custom_1611618686053{margin-top: -60px !important;background-image: url(https:\/\/digitvc.eu\/wp-content\/uploads\/2020\/10\/destaque-projetos.jpg?id=129) !important;background-position: center !important;background-repeat: no-repeat !important;background-size: cover !important;}&#8221;][vc_column][vc_column_text css=&#8221;.vc_custom_1611621387287{padding-top: 10% !important;}&#8221; el_class=&#8221;laranja&#8221;]<\/p>\r\n<h1 style=\"text-align: center;\"><strong>Pol\u00edtica de privacida<\/strong><\/h1>\r\n<p>[\/vc_column_text][vc_icon type=&#8221;typicons&#8221; icon_typicons=&#8221;typcn typcn-arrow-down&#8221; color=&#8221;custom&#8221; size=&#8221;lg&#8221; align=&#8221;center&#8221; css_animation=&#8221;top-to-bottom&#8221; custom_color=&#8221;#1cb8cf&#8221; css=&#8221;.vc_custom_1603989944303{padding-bottom: 5% !important;}&#8221;][\/vc_column][\/vc_row][vc_row][vc_column][vc_column_text]<\/p>\r\n<p><strong>Bienvenido a la Pol\u00edtica de privacidad en www.digitvc.eu<\/strong><\/p>\r\n<p>La pol\u00edtica de privacidad que se describe a continuaci\u00f3n le ofrece una visi\u00f3n general de c\u00f3mo tratamos sus datos y sus derechos en esta materia, de acuerdo con lo establecido en el Reglamento (UE) 2016\/679 del Parlamento Europeo y del Consejo &#8211; Reglamento General de Protecci\u00f3n de Datos. (RGPD) &#8211; y otra legislaci\u00f3n aplicable sobre privacidad y protecci\u00f3n de datos, incluida la legislaci\u00f3n local que complementa el RGPD. Los datos concretos que se tratar\u00e1n, tratar\u00e1n y la forma en que se utilizar\u00e1n, dependen en gran medida de los servicios que hayas solicitado y pactado contigo.<\/p>\r\n<p><strong>1. \u00bfQui\u00e9n es el responsable del procesamiento de datos y con qui\u00e9n puedo contactar?<\/strong><\/p>\r\n<p>La entidad responsable del tratamiento de datos personales es:<\/p>\r\n<p>Municipio de Vila Nova de Famalic\u00e3o<br \/>Plaza Alvaro Marques<br \/>4764-502 Vila Nova de Famalic\u00e3o<br \/>indefinido<\/p>\r\n<p>Puede ponerse en contacto con nuestro responsable de protecci\u00f3n de datos en:<\/p>\r\n<p>Municipio de Vila Nova de Famalic\u00e3o<br \/>Plaza Alvaro Marques<br \/>4764-502 Vila Nova de Famalic\u00e3o<br \/>indefinido<\/p>\r\n<p><strong>2 &#8211; \u00bfQu\u00e9 informaci\u00f3n recopilamos?<\/strong><\/p>\r\n<p>Intentamos mantener el proceso lo m\u00e1s simple posible, pero si no est\u00e1 familiarizado con t\u00e9rminos como cookies, direcciones IP, javascript y navegadores, puede leer una explicaci\u00f3n de algunos de estos temas en Google aqu\u00ed.<\/p>\r\n<p>Podemos almacenar varios tipos de informaci\u00f3n de acuerdo con las caracter\u00edsticas que pretendemos proporcionar:<\/p>\r\n<p>Informaci\u00f3n proporcionada por el usuario<br \/>Informaci\u00f3n sobre la ubicaci\u00f3n<br \/>Almacenamiento local<br \/>Cookies y tecnolog\u00edas similares.<br \/>El uso de Cookies en el sitio web www.digitvc.eu y sus funcionalidades<br \/>Cookies permanentes: son cookies que se almacenan a nivel del navegador en sus dispositivos de acceso (PC, m\u00f3vil y tableta) y que se utilizan cada vez que realiza una nueva visita a uno de nuestros sitios web. Generalmente se utilizan para dirigir la navegaci\u00f3n a los intereses del usuario, lo que nos permite brindar un servicio m\u00e1s personalizado.<\/p>\r\n<p>Cookies de sesi\u00f3n: son cookies temporales que permanecen en el archivo de cookies de su navegador hasta que abandona el sitio web. La informaci\u00f3n obtenida por estas cookies se utiliza para analizar patrones de tr\u00e1fico en la web, lo que nos permite identificar problemas y brindar una mejor experiencia de navegaci\u00f3n.<\/p>\r\n<p>Cookies estrictamente necesarias Le permiten navegar por el sitio web y utilizar sus aplicaciones, as\u00ed como acceder a \u00e1reas seguras del sitio web. Sin estas cookies, los servicios que ha solicitado no se pueden proporcionar.<\/p>\r\n<p>Cookies anal\u00edticas Se utilizan de forma an\u00f3nima con la finalidad de crear y analizar estad\u00edsticas, con el fin de mejorar el funcionamiento del sitio web.<\/p>\r\n<p>Cookies de funcionalidad Conservan las preferencias del usuario en cuanto al uso del sitio web, de forma que no sea necesario volver a configurar el sitio web cada vez que lo visite.<\/p>\r\n<p>Cookies de terceros Miden el \u00e9xito de las aplicaciones y la eficacia de la publicidad de terceros. Tambi\u00e9n se pueden utilizar para personalizar un widget con datos de usuario.<\/p>\r\n<p>Cookies publicitarias Orientan la publicidad seg\u00fan los intereses de cada usuario, con el fin de orientar las campa\u00f1as publicitarias teniendo en cuenta los gustos de los usuarios, y adem\u00e1s, limitan el n\u00famero de veces que ve el anuncio, ayudando a medir la efectividad de la publicidad y el \u00e9xito de la organizaci\u00f3n del sitio web.<\/p>\r\n<p><strong>3 &#8211; \u00bfC\u00f3mo se pueden administrar las cookies?<\/strong><\/p>\r\n<p>Todos los navegadores permiten al usuario aceptar, rechazar o eliminar cookies, es decir, seleccionando la configuraci\u00f3n adecuada en el navegador correspondiente. Puede configurar las cookies en el men\u00fa &#8220;opciones&#8221; o &#8220;preferencias&#8221; de su navegador.<\/p>\r\n<p>Sin embargo, tenga en cuenta que al deshabilitar las cookies, puede evitar que algunos servicios del sitio web www.digitvc.eu funcionen correctamente, afectando, parcial o totalmente, la navegaci\u00f3n en el sitio web.<\/p>\r\n<p><strong>4. \u00bfQui\u00e9n tiene acceso a mis datos?<\/strong><\/p>\r\n<p>Los datos que facilite en el sitio web www.digitvc.eu ser\u00e1n accesibles \u00fanicamente por el personal directamente a la empresa MUNIC\u00cdPIO DE VILA NOVA DE FAMALIC\u00c3O y \u00fanicamente para los fines espec\u00edficos de uso.<\/p>\r\n<p><strong>5 &#8211; Phishing<\/strong><\/p>\r\n<p>El &#8220;phishing&#8221; es una habilidad creada para robar su informaci\u00f3n personal. en www.digitvc.eu nunca le pedir\u00e1 su nombre de usuario y contrase\u00f1a, su n\u00famero de tarjeta de cr\u00e9dito u otra informaci\u00f3n personal por correo electr\u00f3nico. Por lo tanto, si recibe un correo electr\u00f3nico que parece provenir de nosotros pidi\u00e9ndole que proporcione informaci\u00f3n personal, no responda y comun\u00edquese de inmediato con el administrador del sitio www.digitvc.eu.<\/p>\r\n<p><strong>6 &#8211; Derecho al olvido<\/strong><\/p>\r\n<p>\u00bfC\u00f3mo puedo eliminar informaci\u00f3n sobre mi cuenta en www.digitvc.eu? Env\u00ede un correo electr\u00f3nico al administrador del sitio www.digitvc.eu indicando su nombre de usuario y comunicando su intenci\u00f3n de eliminar permanentemente su cuenta de nuestra base de datos. Posteriormente recibir\u00e1s un correo electr\u00f3nico nuestro para validar esa intenci\u00f3n, y al final del proceso recibir\u00e1s un correo electr\u00f3nico inform\u00e1ndote de la eliminaci\u00f3n definitiva de tu cuenta.<\/p>\r\n<p><strong>7. Cambios en la Pol\u00edtica de privacidad<\/strong><\/p>\r\n<p>MUNICIPIO DE VILA NOVA DE FAMALIC\u00c3O podr\u00e1 modificar esta pol\u00edtica de privacidad en cualquier momento y sin previo aviso. Los cambios se publicar\u00e1n debidamente en www.digitvc.eu.<\/p>\r\n<p>\u00a0<\/p>\r\n<p>[\/vc_column_text][\/vc_column][\/vc_row]<\/p><\/section>","protected":false},"excerpt":{"rendered":"<p>[vc_row full_width=&#8221;stretch_row&#8221; content_placement=&#8221;middle&#8221; css=&#8221;.vc_custom_1611618686053{margin-top: -60px !important;background-image: url(https:\/\/digitvc.eu\/wp-content\/uploads\/2020\/10\/destaque-projetos.jpg?id=129) !important;background-position: center !important;background-repeat: no-repeat !important;background-size: cover !important;}&#8221;][vc_column][vc_column_text css=&#8221;.vc_custom_1611621387287{padding-top:&#8230;<\/p>\n","protected":false},"author":1,"featured_media":0,"parent":0,"menu_order":0,"comment_status":"closed","ping_status":"closed","template":"","meta":{"_seopress_robots_primary_cat":"","_seopress_titles_title":"","_seopress_titles_desc":"","_seopress_robots_index":""},"_links":{"self":[{"href":"https:\/\/digitvc.eu\/es\/wp-json\/wp\/v2\/pages\/1317"}],"collection":[{"href":"https:\/\/digitvc.eu\/es\/wp-json\/wp\/v2\/pages"}],"about":[{"href":"https:\/\/digitvc.eu\/es\/wp-json\/wp\/v2\/types\/page"}],"author":[{"embeddable":true,"href":"https:\/\/digitvc.eu\/es\/wp-json\/wp\/v2\/users\/1"}],"replies":[{"embeddable":true,"href":"https:\/\/digitvc.eu\/es\/wp-json\/wp\/v2\/comments?post=1317"}],"version-history":[{"count":4,"href":"https:\/\/digitvc.eu\/es\/wp-json\/wp\/v2\/pages\/1317\/revisions"}],"predecessor-version":[{"id":1321,"href":"https:\/\/digitvc.eu\/es\/wp-json\/wp\/v2\/pages\/1317\/revisions\/1321"}],"wp:attachment":[{"href":"https:\/\/digitvc.eu\/es\/wp-json\/wp\/v2\/media?parent=1317"}],"curies":[{"name":"wp","href":"https:\/\/api.w.org\/{rel}","templated":true}]}}